{"id":97,"date":"2017-06-01T07:35:50","date_gmt":"2017-06-01T07:35:50","guid":{"rendered":"http:\/\/tonatheme.com\/newwp\/humanity\/?page_id=97"},"modified":"2020-11-19T11:35:28","modified_gmt":"2020-11-19T16:35:28","slug":"about-serraniagua","status":"publish","type":"page","link":"https:\/\/serraniagua.org\/anterior\/?page_id=97","title":{"rendered":"La organizaci\u00f3n"},"content":{"rendered":"<section class=\"kc-elm kc-css-501673 kc_row\"><div class=\"kc-row-container  kc-container\"><div class=\"kc-wrap-columns\"><div class=\"kc-elm kc-css-597160 kc_col-sm-12 kc_column kc_col-sm-12\"><div class=\"kc-col-container\"><section class=\"about sec-padd2 style-2\">\r\n    <div class=\"container\">\r\n\r\n        <div class=\"row\">\r\n            <div class=\"col-md-6 col-sm-12 left-column\">\r\n                <div class=\"row padd-bottom-30\">\r\n                    <div class=\"col-md-6 col-sm-6 col-xs-12\">\r\n                        <div class=\"img-box\"><img src=\"https:\/\/serraniagua.org\/anterior\/wp-content\/uploads\/2020\/10\/o_01.jpg\" alt=\"Image\"><\/div>\r\n                        <div class=\"content\">\r\n                            <p>Trabajamos para ser una organizaci\u00f3n l\u00edder en la generaci\u00f3n de un escenario territorial con suficiente oferta ambiental productiva que sirva de marco al desarrollo de todas las dimensiones de los seres humanos en amplia armon\u00eda con la naturaleza<\/p>\r\n                        <\/div>\r\n                    <\/div>\r\n                    <div class=\"col-md-6 col-sm-6 col-xs-12\">\r\n                        <div class=\"img-box\"><img src=\"https:\/\/serraniagua.org\/anterior\/wp-content\/uploads\/2020\/10\/o_02.jpg\" alt=\"Image\"><\/div>\r\n                        <div class=\"content\">\r\n                            <p>La misi\u00f3n de Serraniagua es la de articular todas las dimensiones del territorio en su \u00e1mbito de operaci\u00f3n para garantizar la conservaci\u00f3n de sus paisajes y ecosistemas en un escenario de desarrollo humano sostenible.<\/p>\r\n                        <\/div>\r\n                    <\/div>\r\n                <\/div>\r\n            <\/div>\r\n            <div class=\"col-md-6 col-sm-6 col-xs-12\">\r\n                <div class=\"content\">\r\n                    <div class=\"text\">\r\n                        <p>La Corporaci\u00f3n Serraniagua es una organizaci\u00f3n ambiental de base comunitaria que articula propietarios de reservas naturales, grupos asociativos de productores agroecol\u00f3gicos, redes de mujeres campesinas, grupos ecol\u00f3gicos locales, iniciativas culturales, grupos de eco gu\u00edas y emisoras comunitarias. La organizaci\u00f3n trabaja por la conservaci\u00f3n de la biodiversidad con el concurso de las comunidades locales en el corredor de conservaci\u00f3n Parque Nacional Natural Tatam\u00e1 \u2013 Serran\u00eda de los Paraguas, el cual hace parte de los corredores Choc\u00f3 biogeogr\u00e1fico y Andes Tropicales, identificados como hotspots para la conservaci\u00f3n de la biodiversidad amenazada.<\/p>\r\n                    <\/div>\r\n                    <h3 class=\"thm-color\"><\/h3>\r\n                    <div class=\"text\">\r\n                        <p>Cuenta con experiencia en la formulaci\u00f3n de planes de manejo y ordenamiento territorial, caracterizaci\u00f3n y planes de manejo en reservas naturales, elaboraci\u00f3n, gesti\u00f3n y gerencia de proyectos, fortalecimiento de grupos asociativos, planes de reconversi\u00f3n agroecol\u00f3gica, dise\u00f1o e implementaci\u00f3n de programas de educaci\u00f3n ambiental, comunicaciones comunitarias y publicaciones. Adem\u00e1s ha sido acreditada por el Ministerio de Agricultura y Desarrollo Rural como Entidad Prestadora del Servicio de Asistencia T\u00e9cnica Directa Rural. \r\n\r\nLa organizaci\u00f3n cuenta con tres objetivos principales en su planeaci\u00f3n estrat\u00e9gica: <\/p>\r\n                    <\/div>\r\n                    <ul>\r\n                        \t\t\t\t\t\t                            <li><i class=\"fa fa-check\"><\/i>Conservaci\u00f3n y Biodiversidad (reservas naturales, monitoreo y proyectos de investigaci\u00f3n)\r<\/li>\r\n                                                    <li><i class=\"fa fa-check\"><\/i>Sistemas sostenibles de producci\u00f3n con visi\u00f3n de mercados (grupos asociativos con caf\u00e9, cacao, panela, ecoturismo)\r<\/li>\r\n                                                    <li><i class=\"fa fa-check\"><\/i>\u00c1rea social<\/li>\r\n                                            <\/ul>\r\n                <\/div>\r\n            <\/div>\r\n        <\/div>\r\n        \r\n    <\/div>\r\n<\/section><\/div><\/div><\/div><\/div><\/section><section class=\"kc-elm kc-css-996817 kc_row\"><div class=\"kc-row-container\"><div class=\"kc-wrap-columns\"><div class=\"kc-elm kc-css-507618 kc_col-sm-12 kc_column kc_col-sm-12\"><div class=\"kc-col-container\"><!--Sponsor Section-->\n<section class=\"sponsors-section\">\n    <div class=\"container\">\n        <h2>Nuestras Alianzas &amp; Patrocinadores<\/h2>\n        <div class=\"sponsors-outer\">\n            <!--Sponsors Carousel-->\n            <ul class=\"sponsors-carousel owl-carousel owl-theme\">\n                                <li class=\"slide-item\"><figure class=\"image-box\"><a href=\"https:\/\/www.cepf.net\"><img src=\"https:\/\/serraniagua.org\/anterior\/wp-content\/uploads\/2020\/09\/sponsors_cepf.png\" alt=\"Awesome Image\"><\/a><\/figure><\/li>\n                                <li class=\"slide-item\"><figure class=\"image-box\"><a href=\"https:\/\/www.equatorinitiative.org\"><img src=\"https:\/\/serraniagua.org\/anterior\/wp-content\/uploads\/2020\/09\/sponsors_ecuator_initiative_bg.png\" alt=\"Awesome Image\"><\/a><\/figure><\/li>\n                                <li class=\"slide-item\"><figure class=\"image-box\"><a href=\"https:\/\/www.klimabuendnis.at\/english\"><img src=\"https:\/\/serraniagua.org\/anterior\/wp-content\/uploads\/2020\/09\/sponsors_klima_oster.png\" alt=\"Awesome Image\"><\/a><\/figure><\/li>\n                                <li class=\"slide-item\"><figure class=\"image-box\"><a href=\"http:\/\/ppdcolombia.org\"><img src=\"https:\/\/serraniagua.org\/anterior\/wp-content\/uploads\/2020\/09\/sponsors_ppdgef.png\" alt=\"Awesome Image\"><\/a><\/figure><\/li>\n                                <li class=\"slide-item\"><figure class=\"image-box\"><a href=\"https:\/\/framtidsjorden.se\"><img src=\"https:\/\/serraniagua.org\/anterior\/wp-content\/uploads\/2020\/09\/sponsors_framtidsjorden.png\" alt=\"Awesome Image\"><\/a><\/figure><\/li>\n                                <li class=\"slide-item\"><figure class=\"image-box\"><a href=\"https:\/\/raddaregnskog.se\"><img src=\"https:\/\/serraniagua.org\/anterior\/wp-content\/uploads\/2020\/09\/sponsors_raddaregnskog.png\" alt=\"Awesome Image\"><\/a><\/figure><\/li>\n                                <li class=\"slide-item\"><figure class=\"image-box\"><a href=\"https:\/\/www.resnatur.org.co\"><img src=\"https:\/\/serraniagua.org\/anterior\/wp-content\/uploads\/2020\/09\/sponsors_resnatur.png\" alt=\"Awesome Image\"><\/a><\/figure><\/li>\n                            <\/ul>\n        <\/div>\n    <\/div>\n<\/section>\n<!--End Sponsor Section--><\/div><\/div><\/div><\/div><\/section>\n","protected":false},"excerpt":{"rendered":"","protected":false},"author":1,"featured_media":0,"parent":0,"menu_order":0,"comment_status":"closed","ping_status":"closed","template":"tpl-king_composer.php","meta":[],"yoast_head":"<!-- This site is optimized with the Yoast SEO plugin v20.6 - https:\/\/yoast.com\/wordpress\/plugins\/seo\/ -->\n<title>La organizaci\u00f3n - Serraniagua<\/title>\n<meta name=\"robots\" content=\"noindex, follow, max-snippet:-1, max-image-preview:large, max-video-preview:-1\" \/>\n<meta property=\"og:locale\" content=\"es_ES\" \/>\n<meta property=\"og:type\" content=\"article\" \/>\n<meta property=\"og:title\" content=\"La organizaci\u00f3n - Serraniagua\" \/>\n<meta property=\"og:description\" content=\"Trabajamos para ser una organizaci\u00f3n l\u00edder en la generaci\u00f3n de un escenario territorial con suficiente oferta ambiental productiva que sirva de marco al desarrollo de todas las dimensiones de los\" \/>\n<meta property=\"og:url\" content=\"https:\/\/serraniagua.org\/anterior\/?page_id=97\" \/>\n<meta property=\"og:site_name\" content=\"Serraniagua\" \/>\n<meta property=\"article:publisher\" content=\"https:\/\/www.facebook.com\/Serraniagua\" \/>\n<meta property=\"article:modified_time\" content=\"2020-11-19T16:35:28+00:00\" \/>\n<meta property=\"og:image\" content=\"https:\/\/serraniagua.org\/anterior\/wp-content\/uploads\/2020\/10\/o_01.jpg\" \/>\n<meta name=\"twitter:card\" content=\"summary_large_image\" \/>\n<meta name=\"twitter:site\" content=\"@Serraniagua\" \/>\n<meta name=\"twitter:label1\" content=\"Tiempo estimado de lectura\" \/>\n\t<meta name=\"twitter:data1\" content=\"2 minutos\" \/>\n<script type=\"application\/ld+json\" class=\"yoast-schema-graph\">{\"@context\":\"https:\/\/schema.org\",\"@graph\":[{\"@type\":\"WebPage\",\"@id\":\"https:\/\/serraniagua.org\/anterior\/?page_id=97\",\"url\":\"https:\/\/serraniagua.org\/anterior\/?page_id=97\",\"name\":\"La organizaci\u00f3n - Serraniagua\",\"isPartOf\":{\"@id\":\"https:\/\/serraniagua.org\/anterior\/#website\"},\"datePublished\":\"2017-06-01T07:35:50+00:00\",\"dateModified\":\"2020-11-19T16:35:28+00:00\",\"breadcrumb\":{\"@id\":\"https:\/\/serraniagua.org\/anterior\/?page_id=97#breadcrumb\"},\"inLanguage\":\"es-CO\",\"potentialAction\":[{\"@type\":\"ReadAction\",\"target\":[\"https:\/\/serraniagua.org\/anterior\/?page_id=97\"]}]},{\"@type\":\"BreadcrumbList\",\"@id\":\"https:\/\/serraniagua.org\/anterior\/?page_id=97#breadcrumb\",\"itemListElement\":[{\"@type\":\"ListItem\",\"position\":1,\"name\":\"Inicio\",\"item\":\"https:\/\/serraniagua.org\/anterior\/\"},{\"@type\":\"ListItem\",\"position\":2,\"name\":\"La organizaci\u00f3n\"}]},{\"@type\":\"WebSite\",\"@id\":\"https:\/\/serraniagua.org\/anterior\/#website\",\"url\":\"https:\/\/serraniagua.org\/anterior\/\",\"name\":\"Serraniagua\",\"description\":\"Organizaci\u00f3n Ambiental Comunitaria\",\"publisher\":{\"@id\":\"https:\/\/serraniagua.org\/anterior\/#organization\"},\"potentialAction\":[{\"@type\":\"SearchAction\",\"target\":{\"@type\":\"EntryPoint\",\"urlTemplate\":\"https:\/\/serraniagua.org\/anterior\/?s={search_term_string}\"},\"query-input\":\"required name=search_term_string\"}],\"inLanguage\":\"es-CO\"},{\"@type\":\"Organization\",\"@id\":\"https:\/\/serraniagua.org\/anterior\/#organization\",\"name\":\"Serraniagua\",\"url\":\"https:\/\/serraniagua.org\/anterior\/\",\"logo\":{\"@type\":\"ImageObject\",\"inLanguage\":\"es-CO\",\"@id\":\"https:\/\/serraniagua.org\/anterior\/#\/schema\/logo\/image\/\",\"url\":\"https:\/\/serraniagua.org\/anterior\/wp-content\/uploads\/2021\/02\/logo_footer_color.png\",\"contentUrl\":\"https:\/\/serraniagua.org\/anterior\/wp-content\/uploads\/2021\/02\/logo_footer_color.png\",\"width\":224,\"height\":86,\"caption\":\"Serraniagua\"},\"image\":{\"@id\":\"https:\/\/serraniagua.org\/anterior\/#\/schema\/logo\/image\/\"},\"sameAs\":[\"https:\/\/www.facebook.com\/Serraniagua\",\"https:\/\/twitter.com\/Serraniagua\",\"https:\/\/www.instagram.com\/serraniagua_org\/\"]}]}<\/script>\n<!-- \/ Yoast SEO plugin. -->","yoast_head_json":{"title":"La organizaci\u00f3n - Serraniagua","robots":{"index":"noindex","follow":"follow","max-snippet":"max-snippet:-1","max-image-preview":"max-image-preview:large","max-video-preview":"max-video-preview:-1"},"og_locale":"es_ES","og_type":"article","og_title":"La organizaci\u00f3n - Serraniagua","og_description":"Trabajamos para ser una organizaci\u00f3n l\u00edder en la generaci\u00f3n de un escenario territorial con suficiente oferta ambiental productiva que sirva de marco al desarrollo de todas las dimensiones de los","og_url":"https:\/\/serraniagua.org\/anterior\/?page_id=97","og_site_name":"Serraniagua","article_publisher":"https:\/\/www.facebook.com\/Serraniagua","article_modified_time":"2020-11-19T16:35:28+00:00","og_image":[{"url":"https:\/\/serraniagua.org\/anterior\/wp-content\/uploads\/2020\/10\/o_01.jpg"}],"twitter_card":"summary_large_image","twitter_site":"@Serraniagua","twitter_misc":{"Tiempo estimado de lectura":"2 minutos"},"schema":{"@context":"https:\/\/schema.org","@graph":[{"@type":"WebPage","@id":"https:\/\/serraniagua.org\/anterior\/?page_id=97","url":"https:\/\/serraniagua.org\/anterior\/?page_id=97","name":"La organizaci\u00f3n - Serraniagua","isPartOf":{"@id":"https:\/\/serraniagua.org\/anterior\/#website"},"datePublished":"2017-06-01T07:35:50+00:00","dateModified":"2020-11-19T16:35:28+00:00","breadcrumb":{"@id":"https:\/\/serraniagua.org\/anterior\/?page_id=97#breadcrumb"},"inLanguage":"es-CO","potentialAction":[{"@type":"ReadAction","target":["https:\/\/serraniagua.org\/anterior\/?page_id=97"]}]},{"@type":"BreadcrumbList","@id":"https:\/\/serraniagua.org\/anterior\/?page_id=97#breadcrumb","itemListElement":[{"@type":"ListItem","position":1,"name":"Inicio","item":"https:\/\/serraniagua.org\/anterior\/"},{"@type":"ListItem","position":2,"name":"La organizaci\u00f3n"}]},{"@type":"WebSite","@id":"https:\/\/serraniagua.org\/anterior\/#website","url":"https:\/\/serraniagua.org\/anterior\/","name":"Serraniagua","description":"Organizaci\u00f3n Ambiental Comunitaria","publisher":{"@id":"https:\/\/serraniagua.org\/anterior\/#organization"},"potentialAction":[{"@type":"SearchAction","target":{"@type":"EntryPoint","urlTemplate":"https:\/\/serraniagua.org\/anterior\/?s={search_term_string}"},"query-input":"required name=search_term_string"}],"inLanguage":"es-CO"},{"@type":"Organization","@id":"https:\/\/serraniagua.org\/anterior\/#organization","name":"Serraniagua","url":"https:\/\/serraniagua.org\/anterior\/","logo":{"@type":"ImageObject","inLanguage":"es-CO","@id":"https:\/\/serraniagua.org\/anterior\/#\/schema\/logo\/image\/","url":"https:\/\/serraniagua.org\/anterior\/wp-content\/uploads\/2021\/02\/logo_footer_color.png","contentUrl":"https:\/\/serraniagua.org\/anterior\/wp-content\/uploads\/2021\/02\/logo_footer_color.png","width":224,"height":86,"caption":"Serraniagua"},"image":{"@id":"https:\/\/serraniagua.org\/anterior\/#\/schema\/logo\/image\/"},"sameAs":["https:\/\/www.facebook.com\/Serraniagua","https:\/\/twitter.com\/Serraniagua","https:\/\/www.instagram.com\/serraniagua_org\/"]}]}},"_links":{"self":[{"href":"https:\/\/serraniagua.org\/anterior\/index.php?rest_route=\/wp\/v2\/pages\/97"}],"collection":[{"href":"https:\/\/serraniagua.org\/anterior\/index.php?rest_route=\/wp\/v2\/pages"}],"about":[{"href":"https:\/\/serraniagua.org\/anterior\/index.php?rest_route=\/wp\/v2\/types\/page"}],"author":[{"embeddable":true,"href":"https:\/\/serraniagua.org\/anterior\/index.php?rest_route=\/wp\/v2\/users\/1"}],"replies":[{"embeddable":true,"href":"https:\/\/serraniagua.org\/anterior\/index.php?rest_route=%2Fwp%2Fv2%2Fcomments&post=97"}],"version-history":[{"count":24,"href":"https:\/\/serraniagua.org\/anterior\/index.php?rest_route=\/wp\/v2\/pages\/97\/revisions"}],"predecessor-version":[{"id":1035,"href":"https:\/\/serraniagua.org\/anterior\/index.php?rest_route=\/wp\/v2\/pages\/97\/revisions\/1035"}],"wp:attachment":[{"href":"https:\/\/serraniagua.org\/anterior\/index.php?rest_route=%2Fwp%2Fv2%2Fmedia&parent=97"}],"curies":[{"name":"wp","href":"https:\/\/api.w.org\/{rel}","templated":true}]}}