{"id":1891,"date":"2021-04-04T10:19:13","date_gmt":"2021-04-04T15:19:13","guid":{"rendered":"https:\/\/serraniagua.org\/anterior\/?page_id=1891"},"modified":"2023-11-09T10:54:25","modified_gmt":"2023-11-09T15:54:25","slug":"boletines","status":"publish","type":"page","link":"https:\/\/serraniagua.org\/anterior\/?page_id=1891","title":{"rendered":"Boletines"},"content":{"rendered":"<section class=\"kc-elm kc-css-99125 kc_row\"><div class=\"kc-row-container  kc-container\"><div class=\"kc-wrap-columns\"><div class=\"kc-elm kc-css-366800 kc_col-sm-12 kc_column kc_col-sm-12\"><div class=\"kc-col-container\"><div class=\"kc-elm kc-css-985782 kc_text_block\"><p>\nEn esta secci\u00f3n encontrar\u00e1s todos los boletines que se han realizado durante los a\u00f1os.<\/p>\n<\/div><div class=\"kc-elm kc-css-36531\" style=\"height: 20px; clear: both; width:100%;\"><\/div><\/div><\/div><\/div><\/div><\/section><section class=\"kc-elm kc-css-620228 kc_row\"><div class=\"kc-row-container  kc-container\"><div class=\"kc-wrap-columns\"><div class=\"kc-elm kc-css-33605 kc_col-sm-3 kc_column kc_col-sm-3\"><div class=\"kc-col-container\"><div class=\"kc-elm kc-css-885176 kc_row kc_row_inner\"><div class=\"kc-elm kc-css-208569 kc_col-sm-12 kc_column_inner kc_col-sm-12\"><div class=\"kc_wrapper kc-col-inner-container\"><div class=\"kc-elm kc-css-388030 kc_row kc_row_inner\"><div class=\"kc-elm kc-css-425658 kc_col-sm-12 kc_column_inner kc_col-sm-12\"><div class=\"kc_wrapper kc-col-inner-container\"><div class=\"kc-elm kc-css-163049 kc_text_block\"><h1 style=\"color: black;\"><strong>Bolet\u00edn # 31<\/strong><\/h1>\n<\/div><div class=\"kc-elm kc-css-73745 kc_text_block\"><p>\n<span style=\"font-weight: 600; color: white;\">2019 &#8211; 2020<\/span><\/p>\n<\/div><div class=\"kc-elm kc-css-913604 kc_text_block\"><p>\n<a href=\"https:\/\/serraniagua.org\/anterior\/wp-content\/uploads\/2021\/04\/Boletin_31_-2019_Serraniagua.pdf\"><span style=\"font-weight: 600; color: black;\">Ver bolet\u00edn en PDF<\/span><\/a><\/p>\n<\/div><\/div><\/div><\/div><\/div><\/div><\/div><div class=\"kc-elm kc-css-336605 kc_row kc_row_inner\"><div class=\"kc-elm kc-css-220173 kc_col-sm-12 kc_column_inner kc_col-sm-12\"><div class=\"kc_wrapper kc-col-inner-container\"><div class=\"kc-elm kc-css-448356 kc_row kc_row_inner\"><div class=\"kc-elm kc-css-193607 kc_col-sm-12 kc_column_inner kc_col-sm-12\"><div class=\"kc_wrapper kc-col-inner-container\"><div class=\"kc-elm kc-css-656077 kc_text_block\"><h1 style=\"color: black;\"><strong>Bolet\u00edn # 34<\/strong><\/h1>\n<\/div><div class=\"kc-elm kc-css-582507 kc_text_block\"><p>\n<span style=\"font-weight: 600; color: white;\">\u00a02022<\/span><\/p>\n<\/div><div class=\"kc-elm kc-css-736695 kc_text_block\"><p><a href=\"https:\/\/serraniagua.org\/anterior\/wp-content\/uploads\/2022\/12\/BOLETIN-34-1.pdf\"><span style=\"font-weight: 600; color: black;\">Ver bolet\u00edn en PDF<\/span><\/a><\/p>\n<\/div><\/div><\/div><\/div><\/div><\/div><\/div><\/div><\/div><div class=\"kc-elm kc-css-895500 kc_col-sm-3 kc_column kc_col-sm-3\"><div class=\"kc-col-container\"><div class=\"kc-elm kc-css-789276 kc_row kc_row_inner\"><div class=\"kc-elm kc-css-698149 kc_col-sm-12 kc_column_inner kc_col-sm-12\"><div class=\"kc_wrapper kc-col-inner-container\"><div class=\"kc-elm kc-css-691445 kc_row kc_row_inner\"><div class=\"kc-elm kc-css-1800 kc_col-sm-12 kc_column_inner kc_col-sm-12\"><div class=\"kc_wrapper kc-col-inner-container\"><div class=\"kc-elm kc-css-123465 kc_text_block\"><h1 style=\"color: black;\"><strong>Bolet\u00edn # 30<\/strong><\/h1>\n<\/div><div class=\"kc-elm kc-css-412562 kc_text_block\"><p>\n2018 &#8211; 2019<\/p>\n<\/div><div class=\"kc-elm kc-css-110599 kc_text_block\"><p>\n<a href=\"https:\/\/serraniagua.org\/anterior\/wp-content\/uploads\/2021\/04\/Boletin_30_agosto-2018_Serraniagua.pdf\"><span style=\"font-weight: 600; color: black;\">Ver bolet\u00edn en PDF<\/span><\/a><\/p>\n<\/div><\/div><\/div><\/div><\/div><\/div><\/div><div class=\"kc-elm kc-css-538914 kc_row kc_row_inner\"><div class=\"kc-elm kc-css-727530 kc_col-sm-12 kc_column_inner kc_col-sm-12\"><div class=\"kc_wrapper kc-col-inner-container\"><div class=\"kc-elm kc-css-90754 kc_row kc_row_inner\"><div class=\"kc-elm kc-css-277839 kc_col-sm-12 kc_column_inner kc_col-sm-12\"><div class=\"kc_wrapper kc-col-inner-container\"><div class=\"kc-elm kc-css-584223 kc_text_block\"><h1 style=\"color: black;\"><strong>Bolet\u00edn # 35<\/strong><\/h1>\n<\/div><div class=\"kc-elm kc-css-930856 kc_text_block\"><p>\n2022 &#8211; 2023&nbsp;<\/p>\n<\/div><div class=\"kc-elm kc-css-772690 kc_text_block\"><p><a href=\"https:\/\/serraniagua.org\/anterior\/wp-content\/uploads\/2023\/11\/BOLETIN-35.pdf\"><span style=\"font-weight: 600; color: black;\">Ver bolet\u00edn en PDF<\/span><\/a><\/p>\n<\/div><\/div><\/div><\/div><\/div><\/div><\/div><\/div><\/div><div class=\"kc-elm kc-css-294202 kc_col-sm-3 kc_column kc_col-sm-3\"><div class=\"kc-col-container\"><div class=\"kc-elm kc-css-531724 kc_row kc_row_inner\"><div class=\"kc-elm kc-css-512736 kc_col-sm-12 kc_column_inner kc_col-sm-12\"><div class=\"kc_wrapper kc-col-inner-container\"><div class=\"kc-elm kc-css-409559 kc_row kc_row_inner\"><div class=\"kc-elm kc-css-95224 kc_col-sm-12 kc_column_inner kc_col-sm-12\"><div class=\"kc_wrapper kc-col-inner-container\"><div class=\"kc-elm kc-css-62086 kc_text_block\"><h1 style=\"color: black;\"><strong>Bolet\u00edn # 29<\/strong><\/h1>\n<\/div><div class=\"kc-elm kc-css-374475 kc_text_block\"><p>\n<span style=\"font-weight: 600; color: white;\">2017 &#8211; 2018<\/span><\/p>\n<\/div><div class=\"kc-elm kc-css-753375 kc_text_block\"><p>\n<a href=\"https:\/\/serraniagua.org\/anterior\/wp-content\/uploads\/2021\/04\/Boletin_29_Serraniagua_agosto-2017.pdf\"><span style=\"font-weight: 600; color: black;\">Ver bolet\u00edn en PDF<\/span><\/a><\/p>\n<\/div><\/div><\/div><\/div><\/div><\/div><\/div><div class=\"kc-elm kc-css-137602 kc_row kc_row_inner\"><div class=\"kc-elm kc-css-633713 kc_col-sm-12 kc_column_inner kc_col-sm-12\"><div class=\"kc_wrapper kc-col-inner-container\"><div class=\"kc-elm kc-css-453085 kc_row kc_row_inner\"><div class=\"kc-elm kc-css-593113 kc_col-sm-12 kc_column_inner kc_col-sm-12\"><div class=\"kc_wrapper kc-col-inner-container\"><div class=\"kc-elm kc-css-828964 kc_text_block\"><h1 style=\"color: black;\"><strong>Bolet\u00edn # 27<\/strong><\/h1>\n<\/div><div class=\"kc-elm kc-css-519579 kc_text_block\"><p>\n<span style=\"font-weight: 600; color: white;\">2015 \u2013 2016<\/span><\/p>\n<\/div><div class=\"kc-elm kc-css-991953 kc_text_block\"><p>\n<a href=\"https:\/\/serraniagua.org\/anterior\/wp-content\/uploads\/2021\/04\/Boletin_27_diciembre-2015_Serraniagua.pdf\"><span style=\"font-weight: 600; color: black;\">Ver bolet\u00edn en PDF<\/span><\/a><\/p>\n<\/div><\/div><\/div><\/div><\/div><\/div><\/div><\/div><\/div><div class=\"kc-elm kc-css-321269 kc_col-sm-3 kc_column kc_col-sm-3\"><div class=\"kc-col-container\"><div class=\"kc-elm kc-css-750382 kc_row kc_row_inner\"><div class=\"kc-elm kc-css-280766 kc_col-sm-12 kc_column_inner kc_col-sm-12\"><div class=\"kc_wrapper kc-col-inner-container\"><div class=\"kc-elm kc-css-680771 kc_row kc_row_inner\"><div class=\"kc-elm kc-css-225625 kc_col-sm-12 kc_column_inner kc_col-sm-12\"><div class=\"kc_wrapper kc-col-inner-container\"><div class=\"kc-elm kc-css-830300 kc_text_block\"><h1 style=\"color: black;\"><strong>Bolet\u00edn # 28<\/strong><\/h1>\n<\/div><div class=\"kc-elm kc-css-123535 kc_text_block\"><p>\n<span style=\"font-weight: 600; color: white;\">2016 &#8211; 2017<\/span><\/p>\n<\/div><div class=\"kc-elm kc-css-72106 kc_text_block\"><p>\n<a href=\"https:\/\/serraniagua.org\/anterior\/wp-content\/uploads\/2021\/04\/Boletin_28_diciembre-2016_Serraniagua.pdf\"><span style=\"font-weight: 600; color: black;\">Ver bolet\u00edn en PDF<\/span><\/a><\/p>\n<\/div><\/div><\/div><\/div><\/div><\/div><\/div><\/div><\/div><\/div><\/div><\/section>\n","protected":false},"excerpt":{"rendered":"","protected":false},"author":1,"featured_media":0,"parent":0,"menu_order":0,"comment_status":"closed","ping_status":"closed","template":"","meta":[],"yoast_head":"<!-- This site is optimized with the Yoast SEO plugin v20.6 - https:\/\/yoast.com\/wordpress\/plugins\/seo\/ -->\n<title>Boletines - Serraniagua<\/title>\n<meta name=\"robots\" content=\"noindex, follow, max-snippet:-1, max-image-preview:large, max-video-preview:-1\" \/>\n<meta property=\"og:locale\" content=\"es_ES\" \/>\n<meta property=\"og:type\" content=\"article\" \/>\n<meta property=\"og:title\" content=\"Boletines - Serraniagua\" \/>\n<meta property=\"og:description\" content=\"En esta secci\u00f3n encontrar\u00e1s todos los boletines que se han realizado durante los a\u00f1os. Bolet\u00edn # 31 2019 &#8211; 2020 Ver bolet\u00edn en PDF Bolet\u00edn # 34 \u00a02022 Ver bolet\u00edn\" \/>\n<meta property=\"og:url\" content=\"https:\/\/serraniagua.org\/anterior\/?page_id=1891\" \/>\n<meta property=\"og:site_name\" content=\"Serraniagua\" \/>\n<meta property=\"article:publisher\" content=\"https:\/\/www.facebook.com\/Serraniagua\" \/>\n<meta property=\"article:modified_time\" content=\"2023-11-09T15:54:25+00:00\" \/>\n<meta property=\"og:image\" content=\"https:\/\/serraniagua.org\/anterior\/wp-content\/uploads\/2022\/03\/IMG_8453-scaled.jpg\" \/>\n\t<meta property=\"og:image:width\" content=\"2560\" \/>\n\t<meta property=\"og:image:height\" content=\"1707\" \/>\n\t<meta property=\"og:image:type\" content=\"image\/jpeg\" \/>\n<meta name=\"twitter:card\" content=\"summary_large_image\" \/>\n<meta name=\"twitter:site\" content=\"@Serraniagua\" \/>\n<meta name=\"twitter:label1\" content=\"Tiempo estimado de lectura\" \/>\n\t<meta name=\"twitter:data1\" content=\"2 minutos\" \/>\n<script type=\"application\/ld+json\" class=\"yoast-schema-graph\">{\"@context\":\"https:\/\/schema.org\",\"@graph\":[{\"@type\":\"WebPage\",\"@id\":\"https:\/\/serraniagua.org\/anterior\/?page_id=1891\",\"url\":\"https:\/\/serraniagua.org\/anterior\/?page_id=1891\",\"name\":\"Boletines - Serraniagua\",\"isPartOf\":{\"@id\":\"https:\/\/serraniagua.org\/anterior\/#website\"},\"datePublished\":\"2021-04-04T15:19:13+00:00\",\"dateModified\":\"2023-11-09T15:54:25+00:00\",\"breadcrumb\":{\"@id\":\"https:\/\/serraniagua.org\/anterior\/?page_id=1891#breadcrumb\"},\"inLanguage\":\"es-CO\",\"potentialAction\":[{\"@type\":\"ReadAction\",\"target\":[\"https:\/\/serraniagua.org\/anterior\/?page_id=1891\"]}]},{\"@type\":\"BreadcrumbList\",\"@id\":\"https:\/\/serraniagua.org\/anterior\/?page_id=1891#breadcrumb\",\"itemListElement\":[{\"@type\":\"ListItem\",\"position\":1,\"name\":\"Inicio\",\"item\":\"https:\/\/serraniagua.org\/anterior\/\"},{\"@type\":\"ListItem\",\"position\":2,\"name\":\"Boletines\"}]},{\"@type\":\"WebSite\",\"@id\":\"https:\/\/serraniagua.org\/anterior\/#website\",\"url\":\"https:\/\/serraniagua.org\/anterior\/\",\"name\":\"Serraniagua\",\"description\":\"Organizaci\u00f3n Ambiental Comunitaria\",\"publisher\":{\"@id\":\"https:\/\/serraniagua.org\/anterior\/#organization\"},\"potentialAction\":[{\"@type\":\"SearchAction\",\"target\":{\"@type\":\"EntryPoint\",\"urlTemplate\":\"https:\/\/serraniagua.org\/anterior\/?s={search_term_string}\"},\"query-input\":\"required name=search_term_string\"}],\"inLanguage\":\"es-CO\"},{\"@type\":\"Organization\",\"@id\":\"https:\/\/serraniagua.org\/anterior\/#organization\",\"name\":\"Serraniagua\",\"url\":\"https:\/\/serraniagua.org\/anterior\/\",\"logo\":{\"@type\":\"ImageObject\",\"inLanguage\":\"es-CO\",\"@id\":\"https:\/\/serraniagua.org\/anterior\/#\/schema\/logo\/image\/\",\"url\":\"https:\/\/serraniagua.org\/anterior\/wp-content\/uploads\/2021\/02\/logo_footer_color.png\",\"contentUrl\":\"https:\/\/serraniagua.org\/anterior\/wp-content\/uploads\/2021\/02\/logo_footer_color.png\",\"width\":224,\"height\":86,\"caption\":\"Serraniagua\"},\"image\":{\"@id\":\"https:\/\/serraniagua.org\/anterior\/#\/schema\/logo\/image\/\"},\"sameAs\":[\"https:\/\/www.facebook.com\/Serraniagua\",\"https:\/\/twitter.com\/Serraniagua\",\"https:\/\/www.instagram.com\/serraniagua_org\/\"]}]}<\/script>\n<!-- \/ Yoast SEO plugin. -->","yoast_head_json":{"title":"Boletines - Serraniagua","robots":{"index":"noindex","follow":"follow","max-snippet":"max-snippet:-1","max-image-preview":"max-image-preview:large","max-video-preview":"max-video-preview:-1"},"og_locale":"es_ES","og_type":"article","og_title":"Boletines - Serraniagua","og_description":"En esta secci\u00f3n encontrar\u00e1s todos los boletines que se han realizado durante los a\u00f1os. Bolet\u00edn # 31 2019 &#8211; 2020 Ver bolet\u00edn en PDF Bolet\u00edn # 34 \u00a02022 Ver bolet\u00edn","og_url":"https:\/\/serraniagua.org\/anterior\/?page_id=1891","og_site_name":"Serraniagua","article_publisher":"https:\/\/www.facebook.com\/Serraniagua","article_modified_time":"2023-11-09T15:54:25+00:00","og_image":[{"width":2560,"height":1707,"url":"https:\/\/serraniagua.org\/anterior\/wp-content\/uploads\/2022\/03\/IMG_8453-scaled.jpg","type":"image\/jpeg"}],"twitter_card":"summary_large_image","twitter_site":"@Serraniagua","twitter_misc":{"Tiempo estimado de lectura":"2 minutos"},"schema":{"@context":"https:\/\/schema.org","@graph":[{"@type":"WebPage","@id":"https:\/\/serraniagua.org\/anterior\/?page_id=1891","url":"https:\/\/serraniagua.org\/anterior\/?page_id=1891","name":"Boletines - Serraniagua","isPartOf":{"@id":"https:\/\/serraniagua.org\/anterior\/#website"},"datePublished":"2021-04-04T15:19:13+00:00","dateModified":"2023-11-09T15:54:25+00:00","breadcrumb":{"@id":"https:\/\/serraniagua.org\/anterior\/?page_id=1891#breadcrumb"},"inLanguage":"es-CO","potentialAction":[{"@type":"ReadAction","target":["https:\/\/serraniagua.org\/anterior\/?page_id=1891"]}]},{"@type":"BreadcrumbList","@id":"https:\/\/serraniagua.org\/anterior\/?page_id=1891#breadcrumb","itemListElement":[{"@type":"ListItem","position":1,"name":"Inicio","item":"https:\/\/serraniagua.org\/anterior\/"},{"@type":"ListItem","position":2,"name":"Boletines"}]},{"@type":"WebSite","@id":"https:\/\/serraniagua.org\/anterior\/#website","url":"https:\/\/serraniagua.org\/anterior\/","name":"Serraniagua","description":"Organizaci\u00f3n Ambiental Comunitaria","publisher":{"@id":"https:\/\/serraniagua.org\/anterior\/#organization"},"potentialAction":[{"@type":"SearchAction","target":{"@type":"EntryPoint","urlTemplate":"https:\/\/serraniagua.org\/anterior\/?s={search_term_string}"},"query-input":"required name=search_term_string"}],"inLanguage":"es-CO"},{"@type":"Organization","@id":"https:\/\/serraniagua.org\/anterior\/#organization","name":"Serraniagua","url":"https:\/\/serraniagua.org\/anterior\/","logo":{"@type":"ImageObject","inLanguage":"es-CO","@id":"https:\/\/serraniagua.org\/anterior\/#\/schema\/logo\/image\/","url":"https:\/\/serraniagua.org\/anterior\/wp-content\/uploads\/2021\/02\/logo_footer_color.png","contentUrl":"https:\/\/serraniagua.org\/anterior\/wp-content\/uploads\/2021\/02\/logo_footer_color.png","width":224,"height":86,"caption":"Serraniagua"},"image":{"@id":"https:\/\/serraniagua.org\/anterior\/#\/schema\/logo\/image\/"},"sameAs":["https:\/\/www.facebook.com\/Serraniagua","https:\/\/twitter.com\/Serraniagua","https:\/\/www.instagram.com\/serraniagua_org\/"]}]}},"_links":{"self":[{"href":"https:\/\/serraniagua.org\/anterior\/index.php?rest_route=\/wp\/v2\/pages\/1891"}],"collection":[{"href":"https:\/\/serraniagua.org\/anterior\/index.php?rest_route=\/wp\/v2\/pages"}],"about":[{"href":"https:\/\/serraniagua.org\/anterior\/index.php?rest_route=\/wp\/v2\/types\/page"}],"author":[{"embeddable":true,"href":"https:\/\/serraniagua.org\/anterior\/index.php?rest_route=\/wp\/v2\/users\/1"}],"replies":[{"embeddable":true,"href":"https:\/\/serraniagua.org\/anterior\/index.php?rest_route=%2Fwp%2Fv2%2Fcomments&post=1891"}],"version-history":[{"count":14,"href":"https:\/\/serraniagua.org\/anterior\/index.php?rest_route=\/wp\/v2\/pages\/1891\/revisions"}],"predecessor-version":[{"id":1907,"href":"https:\/\/serraniagua.org\/anterior\/index.php?rest_route=\/wp\/v2\/pages\/1891\/revisions\/1907"}],"wp:attachment":[{"href":"https:\/\/serraniagua.org\/anterior\/index.php?rest_route=%2Fwp%2Fv2%2Fmedia&parent=1891"}],"curies":[{"name":"wp","href":"https:\/\/api.w.org\/{rel}","templated":true}]}}