{"id":1699,"date":"2020-11-17T14:38:42","date_gmt":"2020-11-17T19:38:42","guid":{"rendered":"https:\/\/serraniagua.org\/anterior\/?page_id=1699"},"modified":"2020-11-17T15:19:41","modified_gmt":"2020-11-17T20:19:41","slug":"radio-montanera","status":"publish","type":"page","link":"https:\/\/serraniagua.org\/anterior\/?page_id=1699","title":{"rendered":"Radio Monta\u00f1era"},"content":{"rendered":"<section class=\"kc-elm kc-css-114423 kc_row\"><div class=\"kc-row-container  kc-container\"><div class=\"kc-wrap-columns\"><div class=\"kc-elm kc-css-233584 kc_col-sm-12 kc_column kc_col-sm-12\"><div class=\"kc-col-container\"><div class=\"kc-elm kc-css-756066 kc_text_block\"><h1 style=\"color: #5c9c3f;\">EL PAPEL DE LAS COMUNICACIONES COMUNITARIAS PARA FORTALECER LAS REDES SOCIALES Y LA GOBERNANZA TERRITORIAL<\/h1>\n<\/div><div class=\"kc-elm kc-css-122990\" style=\"height: 40px; clear: both; width:100%;\"><\/div><\/div><\/div><\/div><\/div><\/section><section class=\"kc-elm kc-css-361486 kc_row\"><div class=\"kc-row-container  kc-container\"><div class=\"kc-wrap-columns\"><div class=\"kc-elm kc-css-787629 kc_col-sm-6 kc_column kc_col-sm-6\"><div class=\"kc-col-container\"><div class=\"kc-elm kc-css-554927 kc_shortcode kc_single_image\">\n\n        <img src=\"https:\/\/serraniagua.org\/anterior\/wp-content\/uploads\/2020\/11\/WhatsApp-Image-2020-08-03-at-7.59.53-PM.jpeg\" class=\"\" alt=\"\" \/>    <\/div>\n<\/div><\/div><div class=\"kc-elm kc-css-299065 kc_col-sm-6 kc_column kc_col-sm-6\"><div class=\"kc-col-container\"><div class=\"kc-elm kc-css-908219 kc-raw-code\"><h2 class=\"audioalbum\">RADIO MONTA\u00d1ERA<\/h2><p class=\"audioalbum\">Listado de programas de la radio monta\u00f1era<span>2020<\/span><\/p>\r\n<div class=\"track\"><span class=\"songtitle\">30-MODULO-DE-AGRICULTURA-INSECTOS<\/span><span class=\"songwriter\">(Serraniagua)<\/span><span class=\"audiobutton\"><\/span><div class=\"albumtrack\" style=\"visibility:hidden;\"><!--[if lt IE 9]><script>document.createElement('audio');<\/script><![endif]-->\n<audio class=\"wp-audio-shortcode\" id=\"audio-1699-1\" preload=\"metadata\" style=\"width: 100%;\" controls=\"controls\"><source type=\"audio\/mpeg\" src=\"http:\/\/www.serraniagua.org\/wp-content\/uploads\/2020\/11\/30-MODULO-DE-AGRICULTURA-INSECTOS.mp3?_=1\" \/><a href=\"http:\/\/www.serraniagua.org\/wp-content\/uploads\/2020\/11\/30-MODULO-DE-AGRICULTURA-INSECTOS.mp3\">http:\/\/www.serraniagua.org\/wp-content\/uploads\/2020\/11\/30-MODULO-DE-AGRICULTURA-INSECTOS.mp3<\/a><\/audio><\/div><\/div>\r\n<div class=\"track\"><span class=\"songtitle\">29-PROGRAMA-PLAN-DE-DESARROLLO<\/span><span class=\"songwriter\">(Serraniagua)<\/span><span class=\"audiobutton\"><\/span><div class=\"albumtrack\" style=\"visibility:hidden;\"><audio class=\"wp-audio-shortcode\" id=\"audio-1699-2\" preload=\"metadata\" style=\"width: 100%;\" controls=\"controls\"><source type=\"audio\/mpeg\" src=\"http:\/\/www.serraniagua.org\/wp-content\/uploads\/2020\/11\/29-PROGRAMA-PLAN-DE-DESARROLLO-Mezcla-1.mp3?_=2\" \/><a href=\"http:\/\/www.serraniagua.org\/wp-content\/uploads\/2020\/11\/29-PROGRAMA-PLAN-DE-DESARROLLO-Mezcla-1.mp3\">http:\/\/www.serraniagua.org\/wp-content\/uploads\/2020\/11\/29-PROGRAMA-PLAN-DE-DESARROLLO-Mezcla-1.mp3<\/a><\/audio><\/div><\/div>\r\n<div class=\"track\"><span class=\"songtitle\">28-VEINTIOCHO-PROGRAMA-GEOTERAPIA<\/span><span class=\"songwriter\">(Serraniagua)<\/span><span class=\"audiobutton\"><\/span><div class=\"albumtrack\" style=\"visibility:hidden;\"><audio class=\"wp-audio-shortcode\" id=\"audio-1699-3\" preload=\"metadata\" style=\"width: 100%;\" controls=\"controls\"><source type=\"audio\/mpeg\" src=\"http:\/\/www.serraniagua.org\/wp-content\/uploads\/2020\/11\/28-VEINTIOCHO-PROGRAMA-GEOTERAPIA-Mezcla-1.mp3?_=3\" \/><a href=\"http:\/\/www.serraniagua.org\/wp-content\/uploads\/2020\/11\/28-VEINTIOCHO-PROGRAMA-GEOTERAPIA-Mezcla-1.mp3\">http:\/\/www.serraniagua.org\/wp-content\/uploads\/2020\/11\/28-VEINTIOCHO-PROGRAMA-GEOTERAPIA-Mezcla-1.mp3<\/a><\/audio><\/div><\/div>\r\n<div class=\"track\"><span class=\"songtitle\">27-VEINTISIETE-PROGRAMA-CUARTO-MODULO-ORLAIN-AGRIECOLOGIA<\/span><span class=\"songwriter\">(Serraniagua)<\/span><span class=\"audiobutton\"><\/span><div class=\"albumtrack\" style=\"visibility:hidden;\"><audio class=\"wp-audio-shortcode\" id=\"audio-1699-4\" preload=\"metadata\" style=\"width: 100%;\" controls=\"controls\"><source type=\"audio\/mpeg\" src=\"http:\/\/www.serraniagua.org\/wp-content\/uploads\/2020\/11\/27-VEINTISIETE-PROGRAMA-CUARTO-MODULO-ORLAIN-AGRIECOLOGIA.mp3?_=4\" \/><a href=\"http:\/\/www.serraniagua.org\/wp-content\/uploads\/2020\/11\/27-VEINTISIETE-PROGRAMA-CUARTO-MODULO-ORLAIN-AGRIECOLOGIA.mp3\">http:\/\/www.serraniagua.org\/wp-content\/uploads\/2020\/11\/27-VEINTISIETE-PROGRAMA-CUARTO-MODULO-ORLAIN-AGRIECOLOGIA.mp3<\/a><\/audio><\/div><\/div><\/div><\/div><\/div><\/div><\/div><\/section><section class=\"kc-elm kc-css-462708 kc_row\"><div class=\"kc-row-container  kc-container\"><div class=\"kc-wrap-columns\"><div class=\"kc-elm kc-css-562265 kc_col-sm-12 kc_column kc_col-sm-12\"><div class=\"kc-col-container\"><div class=\"kc-elm kc-css-152297\" style=\"height: 40px; clear: both; width:100%;\"><\/div><div class=\"kc-elm kc-css-940650 kc_text_block\"><p>\n<span style=\"font-style: inherit;\">\u201cComunidad en biodiversidad y armon\u00eda\u201d. Con la radio monta\u00f1era, queremos mantenernos en contacto y solidarios, entre las comunidades que habitamos la Serran\u00eda de los Paraguas. Con una multiplicidad de experiencias de vida que se cuentan por medio de historias, melod\u00edas, voces y sonrisas que nos hacen recorrer diferentes espacios de la monta\u00f1a, una ruta por el campo y lo campesino, el proceso del caf\u00e9, la red de mujeres, el conocimiento ancestral de las plantas, las semilllas y la agroecolog\u00eda, la participaci\u00f3n y el conocimiento de los planes de desarrollo y la importancia de hacernos m\u00e1s humanos y m\u00e1s sensibles con nosotros y con nuestra casa planetaria.\u00a0 La radio permite la interacci\u00f3n colectiva y fraterna, llegando hasta los lugares mas apartados.<\/span><\/p>\n<\/div><\/div><\/div><\/div><\/div><\/section>\n","protected":false},"excerpt":{"rendered":"","protected":false},"author":1,"featured_media":0,"parent":0,"menu_order":0,"comment_status":"closed","ping_status":"closed","template":"","meta":[],"yoast_head":"<!-- This site is optimized with the Yoast SEO plugin v20.6 - https:\/\/yoast.com\/wordpress\/plugins\/seo\/ -->\n<title>Radio Monta\u00f1era - Serraniagua<\/title>\n<meta name=\"robots\" content=\"noindex, follow, max-snippet:-1, max-image-preview:large, max-video-preview:-1\" \/>\n<meta property=\"og:locale\" content=\"es_ES\" \/>\n<meta property=\"og:type\" content=\"article\" \/>\n<meta property=\"og:title\" content=\"Radio Monta\u00f1era - Serraniagua\" \/>\n<meta property=\"og:description\" content=\"EL PAPEL DE LAS COMUNICACIONES COMUNITARIAS PARA FORTALECER LAS REDES SOCIALES Y LA GOBERNANZA TERRITORIAL RADIO MONTA\u00d1ERA Listado de programas de la radio monta\u00f1era2020 30-MODULO-DE-AGRICULTURA-INSECTOS(Serraniagua) https:\/\/serraniagua.org\/anterior\/wp-content\/uploads\/2020\/11\/30-MODULO-DE-AGRICULTURA-INSECTOS.mp3 29-PROGRAMA-PLAN-DE-DESARROLLO(Serraniagua) https:\/\/serraniagua.org\/anterior\/wp-content\/uploads\/2020\/11\/29-PROGRAMA-PLAN-DE-DESARROLLO-Mezcla-1.mp3 28-VEINTIOCHO-PROGRAMA-GEOTERAPIA(Serraniagua) https:\/\/serraniagua.org\/anterior\/wp-content\/uploads\/2020\/11\/28-VEINTIOCHO-PROGRAMA-GEOTERAPIA-Mezcla-1.mp3\" \/>\n<meta property=\"og:url\" content=\"https:\/\/serraniagua.org\/anterior\/?page_id=1699\" \/>\n<meta property=\"og:site_name\" content=\"Serraniagua\" \/>\n<meta property=\"article:publisher\" content=\"https:\/\/www.facebook.com\/Serraniagua\" \/>\n<meta property=\"article:modified_time\" content=\"2020-11-17T20:19:41+00:00\" \/>\n<meta property=\"og:image\" content=\"https:\/\/serraniagua.org\/anterior\/wp-content\/uploads\/2020\/11\/WhatsApp-Image-2020-08-03-at-7.59.53-PM.jpeg\" \/>\n<meta name=\"twitter:card\" content=\"summary_large_image\" \/>\n<meta name=\"twitter:site\" content=\"@Serraniagua\" \/>\n<meta name=\"twitter:label1\" content=\"Tiempo estimado de lectura\" \/>\n\t<meta name=\"twitter:data1\" content=\"1 minuto\" \/>\n<script type=\"application\/ld+json\" class=\"yoast-schema-graph\">{\"@context\":\"https:\/\/schema.org\",\"@graph\":[{\"@type\":\"WebPage\",\"@id\":\"https:\/\/serraniagua.org\/anterior\/?page_id=1699\",\"url\":\"https:\/\/serraniagua.org\/anterior\/?page_id=1699\",\"name\":\"Radio Monta\u00f1era - Serraniagua\",\"isPartOf\":{\"@id\":\"https:\/\/serraniagua.org\/anterior\/#website\"},\"datePublished\":\"2020-11-17T19:38:42+00:00\",\"dateModified\":\"2020-11-17T20:19:41+00:00\",\"breadcrumb\":{\"@id\":\"https:\/\/serraniagua.org\/anterior\/?page_id=1699#breadcrumb\"},\"inLanguage\":\"es-CO\",\"potentialAction\":[{\"@type\":\"ReadAction\",\"target\":[\"https:\/\/serraniagua.org\/anterior\/?page_id=1699\"]}]},{\"@type\":\"BreadcrumbList\",\"@id\":\"https:\/\/serraniagua.org\/anterior\/?page_id=1699#breadcrumb\",\"itemListElement\":[{\"@type\":\"ListItem\",\"position\":1,\"name\":\"Inicio\",\"item\":\"https:\/\/serraniagua.org\/anterior\/\"},{\"@type\":\"ListItem\",\"position\":2,\"name\":\"Radio Monta\u00f1era\"}]},{\"@type\":\"WebSite\",\"@id\":\"https:\/\/serraniagua.org\/anterior\/#website\",\"url\":\"https:\/\/serraniagua.org\/anterior\/\",\"name\":\"Serraniagua\",\"description\":\"Organizaci\u00f3n Ambiental Comunitaria\",\"publisher\":{\"@id\":\"https:\/\/serraniagua.org\/anterior\/#organization\"},\"potentialAction\":[{\"@type\":\"SearchAction\",\"target\":{\"@type\":\"EntryPoint\",\"urlTemplate\":\"https:\/\/serraniagua.org\/anterior\/?s={search_term_string}\"},\"query-input\":\"required name=search_term_string\"}],\"inLanguage\":\"es-CO\"},{\"@type\":\"Organization\",\"@id\":\"https:\/\/serraniagua.org\/anterior\/#organization\",\"name\":\"Serraniagua\",\"url\":\"https:\/\/serraniagua.org\/anterior\/\",\"logo\":{\"@type\":\"ImageObject\",\"inLanguage\":\"es-CO\",\"@id\":\"https:\/\/serraniagua.org\/anterior\/#\/schema\/logo\/image\/\",\"url\":\"https:\/\/serraniagua.org\/anterior\/wp-content\/uploads\/2021\/02\/logo_footer_color.png\",\"contentUrl\":\"https:\/\/serraniagua.org\/anterior\/wp-content\/uploads\/2021\/02\/logo_footer_color.png\",\"width\":224,\"height\":86,\"caption\":\"Serraniagua\"},\"image\":{\"@id\":\"https:\/\/serraniagua.org\/anterior\/#\/schema\/logo\/image\/\"},\"sameAs\":[\"https:\/\/www.facebook.com\/Serraniagua\",\"https:\/\/twitter.com\/Serraniagua\",\"https:\/\/www.instagram.com\/serraniagua_org\/\"]}]}<\/script>\n<!-- \/ Yoast SEO plugin. -->","yoast_head_json":{"title":"Radio Monta\u00f1era - Serraniagua","robots":{"index":"noindex","follow":"follow","max-snippet":"max-snippet:-1","max-image-preview":"max-image-preview:large","max-video-preview":"max-video-preview:-1"},"og_locale":"es_ES","og_type":"article","og_title":"Radio Monta\u00f1era - Serraniagua","og_description":"EL PAPEL DE LAS COMUNICACIONES COMUNITARIAS PARA FORTALECER LAS REDES SOCIALES Y LA GOBERNANZA TERRITORIAL RADIO MONTA\u00d1ERA Listado de programas de la radio monta\u00f1era2020 30-MODULO-DE-AGRICULTURA-INSECTOS(Serraniagua) https:\/\/serraniagua.org\/anterior\/wp-content\/uploads\/2020\/11\/30-MODULO-DE-AGRICULTURA-INSECTOS.mp3 29-PROGRAMA-PLAN-DE-DESARROLLO(Serraniagua) https:\/\/serraniagua.org\/anterior\/wp-content\/uploads\/2020\/11\/29-PROGRAMA-PLAN-DE-DESARROLLO-Mezcla-1.mp3 28-VEINTIOCHO-PROGRAMA-GEOTERAPIA(Serraniagua) https:\/\/serraniagua.org\/anterior\/wp-content\/uploads\/2020\/11\/28-VEINTIOCHO-PROGRAMA-GEOTERAPIA-Mezcla-1.mp3","og_url":"https:\/\/serraniagua.org\/anterior\/?page_id=1699","og_site_name":"Serraniagua","article_publisher":"https:\/\/www.facebook.com\/Serraniagua","article_modified_time":"2020-11-17T20:19:41+00:00","og_image":[{"url":"https:\/\/serraniagua.org\/anterior\/wp-content\/uploads\/2020\/11\/WhatsApp-Image-2020-08-03-at-7.59.53-PM.jpeg"}],"twitter_card":"summary_large_image","twitter_site":"@Serraniagua","twitter_misc":{"Tiempo estimado de lectura":"1 minuto"},"schema":{"@context":"https:\/\/schema.org","@graph":[{"@type":"WebPage","@id":"https:\/\/serraniagua.org\/anterior\/?page_id=1699","url":"https:\/\/serraniagua.org\/anterior\/?page_id=1699","name":"Radio Monta\u00f1era - Serraniagua","isPartOf":{"@id":"https:\/\/serraniagua.org\/anterior\/#website"},"datePublished":"2020-11-17T19:38:42+00:00","dateModified":"2020-11-17T20:19:41+00:00","breadcrumb":{"@id":"https:\/\/serraniagua.org\/anterior\/?page_id=1699#breadcrumb"},"inLanguage":"es-CO","potentialAction":[{"@type":"ReadAction","target":["https:\/\/serraniagua.org\/anterior\/?page_id=1699"]}]},{"@type":"BreadcrumbList","@id":"https:\/\/serraniagua.org\/anterior\/?page_id=1699#breadcrumb","itemListElement":[{"@type":"ListItem","position":1,"name":"Inicio","item":"https:\/\/serraniagua.org\/anterior\/"},{"@type":"ListItem","position":2,"name":"Radio Monta\u00f1era"}]},{"@type":"WebSite","@id":"https:\/\/serraniagua.org\/anterior\/#website","url":"https:\/\/serraniagua.org\/anterior\/","name":"Serraniagua","description":"Organizaci\u00f3n Ambiental Comunitaria","publisher":{"@id":"https:\/\/serraniagua.org\/anterior\/#organization"},"potentialAction":[{"@type":"SearchAction","target":{"@type":"EntryPoint","urlTemplate":"https:\/\/serraniagua.org\/anterior\/?s={search_term_string}"},"query-input":"required name=search_term_string"}],"inLanguage":"es-CO"},{"@type":"Organization","@id":"https:\/\/serraniagua.org\/anterior\/#organization","name":"Serraniagua","url":"https:\/\/serraniagua.org\/anterior\/","logo":{"@type":"ImageObject","inLanguage":"es-CO","@id":"https:\/\/serraniagua.org\/anterior\/#\/schema\/logo\/image\/","url":"https:\/\/serraniagua.org\/anterior\/wp-content\/uploads\/2021\/02\/logo_footer_color.png","contentUrl":"https:\/\/serraniagua.org\/anterior\/wp-content\/uploads\/2021\/02\/logo_footer_color.png","width":224,"height":86,"caption":"Serraniagua"},"image":{"@id":"https:\/\/serraniagua.org\/anterior\/#\/schema\/logo\/image\/"},"sameAs":["https:\/\/www.facebook.com\/Serraniagua","https:\/\/twitter.com\/Serraniagua","https:\/\/www.instagram.com\/serraniagua_org\/"]}]}},"_links":{"self":[{"href":"https:\/\/serraniagua.org\/anterior\/index.php?rest_route=\/wp\/v2\/pages\/1699"}],"collection":[{"href":"https:\/\/serraniagua.org\/anterior\/index.php?rest_route=\/wp\/v2\/pages"}],"about":[{"href":"https:\/\/serraniagua.org\/anterior\/index.php?rest_route=\/wp\/v2\/types\/page"}],"author":[{"embeddable":true,"href":"https:\/\/serraniagua.org\/anterior\/index.php?rest_route=\/wp\/v2\/users\/1"}],"replies":[{"embeddable":true,"href":"https:\/\/serraniagua.org\/anterior\/index.php?rest_route=%2Fwp%2Fv2%2Fcomments&post=1699"}],"version-history":[{"count":11,"href":"https:\/\/serraniagua.org\/anterior\/index.php?rest_route=\/wp\/v2\/pages\/1699\/revisions"}],"predecessor-version":[{"id":1702,"href":"https:\/\/serraniagua.org\/anterior\/index.php?rest_route=\/wp\/v2\/pages\/1699\/revisions\/1702"}],"wp:attachment":[{"href":"https:\/\/serraniagua.org\/anterior\/index.php?rest_route=%2Fwp%2Fv2%2Fmedia&parent=1699"}],"curies":[{"name":"wp","href":"https:\/\/api.w.org\/{rel}","templated":true}]}}