{"id":1690,"date":"2020-11-17T13:33:02","date_gmt":"2020-11-17T18:33:02","guid":{"rendered":"https:\/\/serraniagua.org\/anterior\/?page_id=1690"},"modified":"2021-12-20T14:20:37","modified_gmt":"2021-12-20T19:20:37","slug":"videos","status":"publish","type":"page","link":"https:\/\/serraniagua.org\/anterior\/?page_id=1690","title":{"rendered":"Videos"},"content":{"rendered":"<section class=\"kc-elm kc-css-478479 kc_row\"><div class=\"kc-row-container  kc-container\"><div class=\"kc-wrap-columns\"><div class=\"kc-elm kc-css-421924 kc_col-sm-12 kc_column kc_col-sm-12\"><div class=\"kc-col-container\"><div class=\"kc-elm kc-css-755923 kc_text_block\"><p>Ac\u00e1 podr\u00e1s encontrar todas las producciones audiovisuales creadas por la Organizaci\u00f3n Comunitaria Serraniagua.<\/p>\n<\/div><div class=\"kc-elm kc-css-789469\" style=\"height: 40px; clear: both; width:100%;\"><\/div><div class=\"kc-elm kc-css-547325 kc_row kc_row_inner\"><div class=\"kc-elm kc-css-598173 kc_col-sm-6 kc_column_inner kc_col-sm-6\"><div class=\"kc_wrapper kc-col-inner-container\"><div class=\"kc-elm kc-css-249427 kc-raw-code\"><iframe width=\"570\" height=\"322\" src=\"https:\/\/www.youtube.com\/embed\/3927slzJLtU\" title=\"YouTube video player\" frameborder=\"0\" allow=\"accelerometer; autoplay; clipboard-write; encrypted-media; gyroscope; picture-in-picture\" allowfullscreen><\/iframe><\/div><div class=\"kc-elm kc-css-428571 kc-raw-code\"><iframe width=\"570\" height=\"322\" src=\"https:\/\/www.youtube.com\/embed\/hh7yQe79Qy4\" title=\"YouTube video player\" frameborder=\"0\" allow=\"accelerometer; autoplay; clipboard-write; encrypted-media; gyroscope; picture-in-picture\" allowfullscreen><\/iframe><\/div><div class=\"kc-elm kc-css-493301 kc-raw-code\"><iframe width=\"570\" height=\"322\" src=\"https:\/\/www.youtube.com\/embed\/rOJEKX3KblM\" title=\"YouTube video player\" frameborder=\"0\" allow=\"accelerometer; autoplay; clipboard-write; encrypted-media; gyroscope; picture-in-picture\" allowfullscreen><\/iframe><\/div><div class=\"kc-elm kc-css-546787 kc-raw-code\"><iframe width=\"570\" height=\"322\" src=\"https:\/\/www.youtube.com\/embed\/3wUgop6CzVI\" title=\"YouTube video player\" frameborder=\"0\" allow=\"accelerometer; autoplay; clipboard-write; encrypted-media; gyroscope; picture-in-picture\" allowfullscreen><\/iframe><\/div><div class=\"kc-elm kc-css-212020 kc-raw-code\"><iframe width=\"570\" height=\"322\" src=\"https:\/\/www.youtube.com\/embed\/dd1LPR_0XpE\" title=\"YouTube video player\" frameborder=\"0\" allow=\"accelerometer; autoplay; clipboard-write; encrypted-media; gyroscope; picture-in-picture\" allowfullscreen><\/iframe><\/div><div class=\"kc-elm kc-css-999864 kc-raw-code\"><iframe width=\"570\" height=\"322\" src=\"https:\/\/www.youtube.com\/embed\/K4AJ62RbP34\" title=\"YouTube video player\" frameborder=\"0\" allow=\"accelerometer; autoplay; clipboard-write; encrypted-media; gyroscope; picture-in-picture\" allowfullscreen><\/iframe><\/div><div class=\"kc-elm kc-css-404382 kc-raw-code\"><iframe width=\"570\" height=\"322\" src=\"https:\/\/www.youtube.com\/embed\/2mZ1HGVvDRw\" title=\"YouTube video player\" frameborder=\"0\" allow=\"accelerometer; autoplay; clipboard-write; encrypted-media; gyroscope; picture-in-picture\" allowfullscreen><\/iframe><\/div><div class=\"kc-elm kc-css-608334 kc-raw-code\"><iframe width=\"570\" height=\"322\" src=\"https:\/\/www.youtube.com\/embed\/R_M1t9hybRk\" title=\"YouTube video player\" frameborder=\"0\" allow=\"accelerometer; autoplay; clipboard-write; encrypted-media; gyroscope; picture-in-picture\" allowfullscreen><\/iframe><\/div><div class=\"kc-elm kc-css-390016 kc-raw-code\"><iframe width=\"570\" height=\"322\" src=\"https:\/\/www.youtube.com\/embed\/fijtsaHuKBM\" title=\"YouTube video player\" frameborder=\"0\" allow=\"accelerometer; autoplay; clipboard-write; encrypted-media; gyroscope; picture-in-picture\" allowfullscreen><\/iframe><\/div><div class=\"kc-elm kc-css-829741 kc-raw-code\"><iframe width=\"570\" height=\"322\" src=\"https:\/\/www.youtube.com\/embed\/Uruyg-fHpvg\" title=\"YouTube video player\" frameborder=\"0\" allow=\"accelerometer; autoplay; clipboard-write; encrypted-media; gyroscope; picture-in-picture\" allowfullscreen><\/iframe><\/div><div class=\"kc-elm kc-css-697093 kc-raw-code\"><iframe width=\"570\" height=\"322\" src=\"https:\/\/www.youtube.com\/embed\/3yw6xmdVh9Y\" title=\"YouTube video player\" frameborder=\"0\" allow=\"accelerometer; autoplay; clipboard-write; encrypted-media; gyroscope; picture-in-picture\" allowfullscreen><\/iframe><\/div><div class=\"kc-elm kc-css-128834 kc-raw-code\"><iframe width=\"570\" height=\"322\" src=\"https:\/\/www.youtube.com\/embed\/llwRLvlHPA4\" title=\"YouTube video player\" frameborder=\"0\" allow=\"accelerometer; autoplay; clipboard-write; encrypted-media; gyroscope; picture-in-picture\" allowfullscreen><\/iframe><\/div><div class=\"kc-elm kc-css-200512 kc-raw-code\"><iframe width=\"570\" height=\"322\" src=\"https:\/\/www.youtube.com\/embed\/6KtVhTammyo\" title=\"YouTube video player\" frameborder=\"0\" allow=\"accelerometer; autoplay; clipboard-write; encrypted-media; gyroscope; picture-in-picture\" allowfullscreen><\/iframe><\/div><div class=\"kc-elm kc-css-288534 kc-raw-code\"><iframe width=\"570\" height=\"322\" src=\"https:\/\/www.youtube.com\/embed\/IvuU4_0Av2E\" title=\"YouTube video player\" frameborder=\"0\" allow=\"accelerometer; autoplay; clipboard-write; encrypted-media; gyroscope; picture-in-picture\" allowfullscreen><\/iframe><\/div><\/div><\/div><div class=\"kc-elm kc-css-545666 kc_col-sm-6 kc_column_inner kc_col-sm-6\"><div class=\"kc_wrapper kc-col-inner-container\"><div class=\"kc-elm kc-css-828770 kc-raw-code\"><iframe width=\"570\" height=\"322\" src=\"https:\/\/www.youtube.com\/embed\/gprZNBpqROQ\" title=\"YouTube video player\" frameborder=\"0\" allow=\"accelerometer; autoplay; clipboard-write; encrypted-media; gyroscope; picture-in-picture\" allowfullscreen><\/iframe><\/div><div class=\"kc-elm kc-css-835321 kc-raw-code\"><iframe width=\"570\" height=\"322\" src=\"https:\/\/www.youtube.com\/embed\/AWBLh6nOMCQ\" title=\"YouTube video player\" frameborder=\"0\" allow=\"accelerometer; autoplay; clipboard-write; encrypted-media; gyroscope; picture-in-picture\" allowfullscreen><\/iframe><\/div><div class=\"kc-elm kc-css-990356 kc-raw-code\"><iframe width=\"570\" height=\"322\" src=\"https:\/\/www.youtube.com\/embed\/6BHYsXcy_qg\" title=\"YouTube video player\" frameborder=\"0\" allow=\"accelerometer; autoplay; clipboard-write; encrypted-media; gyroscope; picture-in-picture\" allowfullscreen><\/iframe><\/div><div class=\"kc-elm kc-css-952084 kc-raw-code\"><iframe width=\"570\" height=\"322\" src=\"https:\/\/www.youtube.com\/embed\/RB9CS8zczug\" title=\"YouTube video player\" frameborder=\"0\" allow=\"accelerometer; autoplay; clipboard-write; encrypted-media; gyroscope; picture-in-picture\" allowfullscreen><\/iframe><\/div><div class=\"kc-elm kc-css-180134 kc-raw-code\"><iframe width=\"570\" height=\"322\" src=\"https:\/\/www.youtube.com\/embed\/cYKlFHSfQ6I\" title=\"YouTube video player\" frameborder=\"0\" allow=\"accelerometer; autoplay; clipboard-write; encrypted-media; gyroscope; picture-in-picture\" allowfullscreen><\/iframe><\/div><div class=\"kc-elm kc-css-697861 kc-raw-code\"><iframe width=\"570\" height=\"322\" src=\"https:\/\/www.youtube.com\/embed\/E7wvAefGA8Q\" title=\"YouTube video player\" frameborder=\"0\" allow=\"accelerometer; autoplay; clipboard-write; encrypted-media; gyroscope; picture-in-picture\" allowfullscreen><\/iframe><\/div><div class=\"kc-elm kc-css-749028 kc-raw-code\"><iframe width=\"570\" height=\"322\" src=\"https:\/\/www.youtube.com\/embed\/qp4AUZ8h7SQ\" title=\"YouTube video player\" frameborder=\"0\" allow=\"accelerometer; autoplay; clipboard-write; encrypted-media; gyroscope; picture-in-picture\" allowfullscreen><\/iframe><\/div><div class=\"kc-elm kc-css-337480 kc-raw-code\"><iframe width=\"570\" height=\"322\" src=\"https:\/\/www.youtube.com\/embed\/5APukMtORaI\" title=\"YouTube video player\" frameborder=\"0\" allow=\"accelerometer; autoplay; clipboard-write; encrypted-media; gyroscope; picture-in-picture\" allowfullscreen><\/iframe><\/div><div class=\"kc-elm kc-css-379102 kc-raw-code\"><iframe width=\"570\" height=\"322\" src=\"https:\/\/www.youtube.com\/embed\/p_GcGd-Ierc\" title=\"YouTube video player\" frameborder=\"0\" allow=\"accelerometer; autoplay; clipboard-write; encrypted-media; gyroscope; picture-in-picture\" allowfullscreen><\/iframe><\/div><div class=\"kc-elm kc-css-585609 kc-raw-code\"><iframe width=\"570\" height=\"322\" src=\"https:\/\/www.youtube.com\/embed\/TkxZsZCQHp8\" title=\"YouTube video player\" frameborder=\"0\" allow=\"accelerometer; autoplay; clipboard-write; encrypted-media; gyroscope; picture-in-picture\" allowfullscreen><\/iframe><\/div><div class=\"kc-elm kc-css-727244 kc-raw-code\"><iframe width=\"570\" height=\"322\" src=\"https:\/\/www.youtube.com\/embed\/-yGdZFWt-LM\" title=\"YouTube video player\" frameborder=\"0\" allow=\"accelerometer; autoplay; clipboard-write; encrypted-media; gyroscope; picture-in-picture\" allowfullscreen><\/iframe><\/div><div class=\"kc-elm kc-css-594954 kc-raw-code\"><iframe width=\"570\" height=\"322\" src=\"https:\/\/www.youtube.com\/embed\/9EkTDiEoiDg\" title=\"YouTube video player\" frameborder=\"0\" allow=\"accelerometer; autoplay; clipboard-write; encrypted-media; gyroscope; picture-in-picture\" allowfullscreen><\/iframe><\/div><div class=\"kc-elm kc-css-28667 kc-raw-code\"><iframe width=\"570\" height=\"322\" src=\"https:\/\/www.youtube.com\/embed\/omsFIonJCA0\" title=\"YouTube video player\" frameborder=\"0\" allow=\"accelerometer; autoplay; clipboard-write; encrypted-media; gyroscope; picture-in-picture\" allowfullscreen><\/iframe><\/div><\/div><\/div><\/div><\/div><\/div><\/div><\/div><\/section>\n","protected":false},"excerpt":{"rendered":"","protected":false},"author":1,"featured_media":0,"parent":0,"menu_order":0,"comment_status":"closed","ping_status":"closed","template":"","meta":[],"yoast_head":"<!-- This site is optimized with the Yoast SEO plugin v20.6 - https:\/\/yoast.com\/wordpress\/plugins\/seo\/ -->\n<title>Videos - Serraniagua<\/title>\n<meta name=\"robots\" content=\"noindex, follow, max-snippet:-1, max-image-preview:large, max-video-preview:-1\" \/>\n<meta property=\"og:locale\" content=\"es_ES\" \/>\n<meta property=\"og:type\" content=\"article\" \/>\n<meta property=\"og:title\" content=\"Videos - Serraniagua\" \/>\n<meta property=\"og:description\" content=\"Ac\u00e1 podr\u00e1s encontrar todas las producciones audiovisuales creadas por la Organizaci\u00f3n Comunitaria Serraniagua.\" \/>\n<meta property=\"og:url\" content=\"https:\/\/serraniagua.org\/anterior\/?page_id=1690\" \/>\n<meta property=\"og:site_name\" content=\"Serraniagua\" \/>\n<meta property=\"article:publisher\" content=\"https:\/\/www.facebook.com\/Serraniagua\" \/>\n<meta property=\"article:modified_time\" content=\"2021-12-20T19:20:37+00:00\" \/>\n<meta property=\"og:image\" content=\"https:\/\/serraniagua.org\/anterior\/wp-content\/uploads\/2022\/03\/IMG_8453-scaled.jpg\" \/>\n\t<meta property=\"og:image:width\" content=\"2560\" \/>\n\t<meta property=\"og:image:height\" content=\"1707\" \/>\n\t<meta property=\"og:image:type\" content=\"image\/jpeg\" \/>\n<meta name=\"twitter:card\" content=\"summary_large_image\" \/>\n<meta name=\"twitter:site\" content=\"@Serraniagua\" \/>\n<script type=\"application\/ld+json\" class=\"yoast-schema-graph\">{\"@context\":\"https:\/\/schema.org\",\"@graph\":[{\"@type\":\"WebPage\",\"@id\":\"https:\/\/serraniagua.org\/anterior\/?page_id=1690\",\"url\":\"https:\/\/serraniagua.org\/anterior\/?page_id=1690\",\"name\":\"Videos - Serraniagua\",\"isPartOf\":{\"@id\":\"https:\/\/serraniagua.org\/anterior\/#website\"},\"datePublished\":\"2020-11-17T18:33:02+00:00\",\"dateModified\":\"2021-12-20T19:20:37+00:00\",\"breadcrumb\":{\"@id\":\"https:\/\/serraniagua.org\/anterior\/?page_id=1690#breadcrumb\"},\"inLanguage\":\"es-CO\",\"potentialAction\":[{\"@type\":\"ReadAction\",\"target\":[\"https:\/\/serraniagua.org\/anterior\/?page_id=1690\"]}]},{\"@type\":\"BreadcrumbList\",\"@id\":\"https:\/\/serraniagua.org\/anterior\/?page_id=1690#breadcrumb\",\"itemListElement\":[{\"@type\":\"ListItem\",\"position\":1,\"name\":\"Inicio\",\"item\":\"https:\/\/serraniagua.org\/anterior\/\"},{\"@type\":\"ListItem\",\"position\":2,\"name\":\"Videos\"}]},{\"@type\":\"WebSite\",\"@id\":\"https:\/\/serraniagua.org\/anterior\/#website\",\"url\":\"https:\/\/serraniagua.org\/anterior\/\",\"name\":\"Serraniagua\",\"description\":\"Organizaci\u00f3n Ambiental Comunitaria\",\"publisher\":{\"@id\":\"https:\/\/serraniagua.org\/anterior\/#organization\"},\"potentialAction\":[{\"@type\":\"SearchAction\",\"target\":{\"@type\":\"EntryPoint\",\"urlTemplate\":\"https:\/\/serraniagua.org\/anterior\/?s={search_term_string}\"},\"query-input\":\"required name=search_term_string\"}],\"inLanguage\":\"es-CO\"},{\"@type\":\"Organization\",\"@id\":\"https:\/\/serraniagua.org\/anterior\/#organization\",\"name\":\"Serraniagua\",\"url\":\"https:\/\/serraniagua.org\/anterior\/\",\"logo\":{\"@type\":\"ImageObject\",\"inLanguage\":\"es-CO\",\"@id\":\"https:\/\/serraniagua.org\/anterior\/#\/schema\/logo\/image\/\",\"url\":\"https:\/\/serraniagua.org\/anterior\/wp-content\/uploads\/2021\/02\/logo_footer_color.png\",\"contentUrl\":\"https:\/\/serraniagua.org\/anterior\/wp-content\/uploads\/2021\/02\/logo_footer_color.png\",\"width\":224,\"height\":86,\"caption\":\"Serraniagua\"},\"image\":{\"@id\":\"https:\/\/serraniagua.org\/anterior\/#\/schema\/logo\/image\/\"},\"sameAs\":[\"https:\/\/www.facebook.com\/Serraniagua\",\"https:\/\/twitter.com\/Serraniagua\",\"https:\/\/www.instagram.com\/serraniagua_org\/\"]}]}<\/script>\n<!-- \/ Yoast SEO plugin. -->","yoast_head_json":{"title":"Videos - Serraniagua","robots":{"index":"noindex","follow":"follow","max-snippet":"max-snippet:-1","max-image-preview":"max-image-preview:large","max-video-preview":"max-video-preview:-1"},"og_locale":"es_ES","og_type":"article","og_title":"Videos - Serraniagua","og_description":"Ac\u00e1 podr\u00e1s encontrar todas las producciones audiovisuales creadas por la Organizaci\u00f3n Comunitaria Serraniagua.","og_url":"https:\/\/serraniagua.org\/anterior\/?page_id=1690","og_site_name":"Serraniagua","article_publisher":"https:\/\/www.facebook.com\/Serraniagua","article_modified_time":"2021-12-20T19:20:37+00:00","og_image":[{"width":2560,"height":1707,"url":"https:\/\/serraniagua.org\/anterior\/wp-content\/uploads\/2022\/03\/IMG_8453-scaled.jpg","type":"image\/jpeg"}],"twitter_card":"summary_large_image","twitter_site":"@Serraniagua","schema":{"@context":"https:\/\/schema.org","@graph":[{"@type":"WebPage","@id":"https:\/\/serraniagua.org\/anterior\/?page_id=1690","url":"https:\/\/serraniagua.org\/anterior\/?page_id=1690","name":"Videos - Serraniagua","isPartOf":{"@id":"https:\/\/serraniagua.org\/anterior\/#website"},"datePublished":"2020-11-17T18:33:02+00:00","dateModified":"2021-12-20T19:20:37+00:00","breadcrumb":{"@id":"https:\/\/serraniagua.org\/anterior\/?page_id=1690#breadcrumb"},"inLanguage":"es-CO","potentialAction":[{"@type":"ReadAction","target":["https:\/\/serraniagua.org\/anterior\/?page_id=1690"]}]},{"@type":"BreadcrumbList","@id":"https:\/\/serraniagua.org\/anterior\/?page_id=1690#breadcrumb","itemListElement":[{"@type":"ListItem","position":1,"name":"Inicio","item":"https:\/\/serraniagua.org\/anterior\/"},{"@type":"ListItem","position":2,"name":"Videos"}]},{"@type":"WebSite","@id":"https:\/\/serraniagua.org\/anterior\/#website","url":"https:\/\/serraniagua.org\/anterior\/","name":"Serraniagua","description":"Organizaci\u00f3n Ambiental Comunitaria","publisher":{"@id":"https:\/\/serraniagua.org\/anterior\/#organization"},"potentialAction":[{"@type":"SearchAction","target":{"@type":"EntryPoint","urlTemplate":"https:\/\/serraniagua.org\/anterior\/?s={search_term_string}"},"query-input":"required name=search_term_string"}],"inLanguage":"es-CO"},{"@type":"Organization","@id":"https:\/\/serraniagua.org\/anterior\/#organization","name":"Serraniagua","url":"https:\/\/serraniagua.org\/anterior\/","logo":{"@type":"ImageObject","inLanguage":"es-CO","@id":"https:\/\/serraniagua.org\/anterior\/#\/schema\/logo\/image\/","url":"https:\/\/serraniagua.org\/anterior\/wp-content\/uploads\/2021\/02\/logo_footer_color.png","contentUrl":"https:\/\/serraniagua.org\/anterior\/wp-content\/uploads\/2021\/02\/logo_footer_color.png","width":224,"height":86,"caption":"Serraniagua"},"image":{"@id":"https:\/\/serraniagua.org\/anterior\/#\/schema\/logo\/image\/"},"sameAs":["https:\/\/www.facebook.com\/Serraniagua","https:\/\/twitter.com\/Serraniagua","https:\/\/www.instagram.com\/serraniagua_org\/"]}]}},"_links":{"self":[{"href":"https:\/\/serraniagua.org\/anterior\/index.php?rest_route=\/wp\/v2\/pages\/1690"}],"collection":[{"href":"https:\/\/serraniagua.org\/anterior\/index.php?rest_route=\/wp\/v2\/pages"}],"about":[{"href":"https:\/\/serraniagua.org\/anterior\/index.php?rest_route=\/wp\/v2\/types\/page"}],"author":[{"embeddable":true,"href":"https:\/\/serraniagua.org\/anterior\/index.php?rest_route=\/wp\/v2\/users\/1"}],"replies":[{"embeddable":true,"href":"https:\/\/serraniagua.org\/anterior\/index.php?rest_route=%2Fwp%2Fv2%2Fcomments&post=1690"}],"version-history":[{"count":17,"href":"https:\/\/serraniagua.org\/anterior\/index.php?rest_route=\/wp\/v2\/pages\/1690\/revisions"}],"predecessor-version":[{"id":1692,"href":"https:\/\/serraniagua.org\/anterior\/index.php?rest_route=\/wp\/v2\/pages\/1690\/revisions\/1692"}],"wp:attachment":[{"href":"https:\/\/serraniagua.org\/anterior\/index.php?rest_route=%2Fwp%2Fv2%2Fmedia&parent=1690"}],"curies":[{"name":"wp","href":"https:\/\/api.w.org\/{rel}","templated":true}]}}