{"id":1306,"date":"2020-11-04T23:02:00","date_gmt":"2020-11-04T23:02:00","guid":{"rendered":"https:\/\/serraniagua.org\/anterior\/?page_id=1306"},"modified":"2021-02-17T12:14:08","modified_gmt":"2021-02-17T17:14:08","slug":"rn-el-cerro-del-ingles","status":"publish","type":"page","link":"https:\/\/serraniagua.org\/anterior\/?page_id=1306","title":{"rendered":"Reserva Natural Comunitaria Cerro El Ingl\u00e9s"},"content":{"rendered":"<section class=\"kc-elm kc-css-411200 kc_row\"><div class=\"kc-row-container  kc-container\"><div class=\"kc-wrap-columns\"><div class=\"kc-elm kc-css-865872 kc_col-sm-12 kc_column kc_col-sm-12\"><div class=\"kc-col-container\"><div class=\"kc-elm kc-css-53119 kc-raw-code\"><div id=\"metaslider-id-1388\" style=\"width: 100%;\" class=\"ml-slider-3-30-0 metaslider metaslider-flex metaslider-1388 ml-slider nav-hidden\">\n    <div id=\"metaslider_container_1388\">\n        <div id=\"metaslider_1388\">\n            <ul aria-live=\"polite\" class=\"slides\">\n                <li style=\"display: block; width: 100%;\" class=\"slide-1592 ms-image\"><img src=\"https:\/\/serraniagua.org\/anterior\/wp-content\/uploads\/2020\/11\/Henicorhina-negreti_Munchique-Wood-Wren_Johnnier-Arango-scaled-0x0.jpg\" height=\"0\" width=\"0\" alt=\"\" class=\"slider-1388 slide-1592\" title=\"Henicorhina negreti_Munchique Wood-Wren_Johnnier Arango\" \/><\/li>\n                <li style=\"display: none; width: 100%;\" class=\"slide-1599 ms-image\"><img src=\"https:\/\/serraniagua.org\/anterior\/wp-content\/uploads\/2020\/11\/Nymphargus-grandisonae_Rana-de-cristal_Johnnier-Arango-0x0.jpg\" height=\"0\" width=\"0\" alt=\"\" class=\"slider-1388 slide-1599\" title=\"Nymphargus grandisonae_Rana de cristal_Johnnier Arango\" \/><\/li>\n                <li style=\"display: none; width: 100%;\" class=\"slide-1600 ms-image\"><img src=\"https:\/\/serraniagua.org\/anterior\/wp-content\/uploads\/2020\/11\/Pristimantis-erythropleura_Rana-de-lluvia_Johnnier-Arango-0x0.jpg\" height=\"0\" width=\"0\" alt=\"\" class=\"slider-1388 slide-1600\" title=\"Pristimantis erythropleura_Rana de lluvia_Johnnier Arango\" \/><\/li>\n                <li style=\"display: none; width: 100%;\" class=\"slide-1602 ms-image\"><img src=\"https:\/\/serraniagua.org\/anterior\/wp-content\/uploads\/2020\/11\/Pristimantis-sp_Rana-de-lluvia_Johnnier-Arango-0x0.jpg\" height=\"0\" width=\"0\" alt=\"\" class=\"slider-1388 slide-1602\" title=\"Pristimantis sp_Rana de lluvia_Johnnier Arango\" \/><\/li>\n            <\/ul>\n        <\/div>\n        \n    <\/div>\n<\/div><\/div><div class=\"kc-elm kc-css-853923\" style=\"height: 40px; clear: both; width:100%;\"><\/div><div class=\"kc-elm kc-css-195569 kc_row kc_row_inner\"><div class=\"kc-elm kc-css-236296 kc_col-sm-6 kc_column_inner kc_col-sm-6\"><div class=\"kc_wrapper kc-col-inner-container\"><div class=\"kc-elm kc-css-432469 kc_shortcode kc_single_image\">\n\n        <img src=\"https:\/\/serraniagua.org\/anterior\/wp-content\/uploads\/2020\/11\/Cerro-El-Ingles-1-scaled.jpg\" class=\"\" alt=\"\" \/>    <\/div>\n<\/div><\/div><div class=\"kc-elm kc-css-588266 kc_col-sm-6 kc_column_inner kc_col-sm-6\"><div class=\"kc_wrapper kc-col-inner-container\"><div class=\"kc-elm kc-css-445769 kc_shortcode kc_single_image\">\n\n        <img src=\"https:\/\/serraniagua.org\/anterior\/wp-content\/uploads\/2020\/11\/leyendas-cerro-el-ingles-scaled.jpg\" class=\"\" alt=\"\" \/>    <\/div>\n<div class=\"kc-elm kc-css-24954\" style=\"height: 20px; clear: both; width:100%;\"><\/div><div class=\"kc-elm kc-css-608830 kc_text_block\"><p style=\"margin: 12pt 0in; text-align: justify; background-image: initial; background-position: initial; background-size: initial; background-repeat: initial; background-attachment: initial; background-origin: initial; background-clip: initial;\"><span style=\"font-size: 14.6667px;\">La Reserva Natural Cerro El Ingl\u00e9s es un ecosistema de bosque de niebla entre los andes occidentales y el Choc\u00f3 biogeogr\u00e1fico, es la primera reserva natural comunitaria constituida en la Serran\u00eda de los Paraguas, a partir de la cual se gener\u00f3 la din\u00e1mica conformaci\u00f3n del Nodo Regional de Reservas Naturales en el corredor de conservaci\u00f3n Parque Nacional Natural Tatam\u00e1 &#8211; Serran\u00eda de los Paraguas. La Reserva Natural Cerro El Ingl\u00e9s es reconocida por su amplia diversidad vegetal y en anfibios, garantiza el H\u00e1bitat para m\u00e1s de trescientas (300) aves de las cuales cuatro (4) son end\u00e9micas y tres (3) son amenazadas.<\/span><\/p>\n<\/div><div class=\"kc-elm kc-css-824036\" style=\"height: 10px; clear: both; width:100%;\"><\/div><div class=\"kc-elm kc-css-623459 kc_text_block\"><p style=\"margin: 12pt 0in; text-align: justify; background-image: initial; background-position: initial; background-size: initial; background-repeat: initial; background-attachment: initial; background-origin: initial; background-clip: initial;\"><span style=\"font-size: 14.6667px;\">Gracias al monitoreo comunitario con c\u00e1maras trampa, se ha confirmado la presencia de grandes mam\u00edferos como el oso de anteojos (<em>Tremarctos ornatus<\/em>), le\u00f3n de monta\u00f1a (<em>Puma concolor<\/em>) y el venado de cola blanca (<em>Mazama americana<\/em>). Es considerado el coraz\u00f3n de la biodiversidad y una importante estrella h\u00eddrica en la ecoregi\u00f3n Serran\u00eda de los Paraguas.<\/span><\/p>\n<\/div><div class=\"kc-elm kc-css-543771\" style=\"height: 20px; clear: both; width:100%;\"><\/div><div class=\"kc-elm kc-css-671972 kc_row kc_row_inner\"><div class=\"kc-elm kc-css-650285 kc_col-sm-6 kc_column_inner kc_col-sm-6\"><div class=\"kc_wrapper kc-col-inner-container\"><div class=\"kc-elm kc-css-369369 kc_shortcode kc_single_image\">\n\n        <a rel=\"prettyPhoto\" class=\"kc-pretty-photo\" href=\"https:\/\/serraniagua.org\/anterior\/wp-content\/uploads\/2020\/11\/I__00004-scaled.jpg\" title=\"\" target=\"\">\n        <img src=\"https:\/\/serraniagua.org\/anterior\/wp-content\/uploads\/2020\/11\/I__00004-scaled.jpg\" class=\"\" alt=\"\" \/>    <\/a>\n    <\/div>\n<\/div><\/div><div class=\"kc-elm kc-css-832964 kc_col-sm-6 kc_column_inner kc_col-sm-6\"><div class=\"kc_wrapper kc-col-inner-container\"><div class=\"kc-elm kc-css-265360 kc_shortcode kc_single_image\">\n\n        <a rel=\"prettyPhoto\" class=\"kc-pretty-photo\" href=\"https:\/\/serraniagua.org\/anterior\/wp-content\/uploads\/2020\/11\/IMG_0079.jpg\" title=\"\" target=\"\">\n        <img src=\"https:\/\/serraniagua.org\/anterior\/wp-content\/uploads\/2020\/11\/IMG_0079.jpg\" class=\"\" alt=\"\" \/>    <\/a>\n    <\/div>\n<\/div><\/div><\/div><div class=\"kc-elm kc-css-24552\" style=\"height: 20px; clear: both; width:100%;\"><\/div><div class=\"kc-elm kc-css-969363 kc_row kc_row_inner\"><div class=\"kc-elm kc-css-794895 kc_col-sm-6 kc_column_inner kc_col-sm-6\"><div class=\"kc_wrapper kc-col-inner-container\"><div class=\"kc-elm kc-css-465641 kc_shortcode kc_single_image\">\n\n        <a rel=\"prettyPhoto\" class=\"kc-pretty-photo\" href=\"https:\/\/serraniagua.org\/anterior\/wp-content\/uploads\/2020\/11\/I__00014-scaled.jpg\" title=\"\" target=\"\">\n        <img src=\"https:\/\/serraniagua.org\/anterior\/wp-content\/uploads\/2020\/11\/I__00014-scaled.jpg\" class=\"\" alt=\"\" \/>    <\/a>\n    <\/div>\n<\/div><\/div><div class=\"kc-elm kc-css-258817 kc_col-sm-6 kc_column_inner kc_col-sm-6\"><div class=\"kc_wrapper kc-col-inner-container\"><div class=\"kc-elm kc-css-489181 kc_shortcode kc_single_image\">\n\n        <a rel=\"prettyPhoto\" class=\"kc-pretty-photo\" href=\"https:\/\/serraniagua.org\/anterior\/wp-content\/uploads\/2020\/11\/1-5.jpg\" title=\"\" target=\"\">\n        <img src=\"https:\/\/serraniagua.org\/anterior\/wp-content\/uploads\/2020\/11\/1-5.jpg\" class=\"\" alt=\"\" \/>    <\/a>\n    <\/div>\n<\/div><\/div><\/div><\/div><\/div><\/div><\/div><\/div><\/div><\/div><\/section>\n","protected":false},"excerpt":{"rendered":"","protected":false},"author":1,"featured_media":0,"parent":0,"menu_order":0,"comment_status":"closed","ping_status":"closed","template":"","meta":[],"yoast_head":"<!-- This site is optimized with the Yoast SEO plugin v20.6 - https:\/\/yoast.com\/wordpress\/plugins\/seo\/ -->\n<title>Reserva Natural Comunitaria Cerro El Ingl\u00e9s - Serraniagua<\/title>\n<meta name=\"robots\" content=\"noindex, follow, max-snippet:-1, max-image-preview:large, max-video-preview:-1\" \/>\n<meta property=\"og:locale\" content=\"es_ES\" \/>\n<meta property=\"og:type\" content=\"article\" \/>\n<meta property=\"og:title\" content=\"Reserva Natural Comunitaria Cerro El Ingl\u00e9s - Serraniagua\" \/>\n<meta property=\"og:description\" content=\"La Reserva Natural Cerro El Ingl\u00e9s es un ecosistema de bosque de niebla entre los andes occidentales y el Choc\u00f3 biogeogr\u00e1fico, es la primera reserva natural comunitaria constituida en la\" \/>\n<meta property=\"og:url\" content=\"https:\/\/serraniagua.org\/anterior\/?page_id=1306\" \/>\n<meta property=\"og:site_name\" content=\"Serraniagua\" \/>\n<meta property=\"article:publisher\" content=\"https:\/\/www.facebook.com\/Serraniagua\" \/>\n<meta property=\"article:modified_time\" content=\"2021-02-17T17:14:08+00:00\" \/>\n<meta property=\"og:image\" content=\"https:\/\/serraniagua.org\/anterior\/wp-content\/uploads\/2020\/11\/Henicorhina-negreti_Munchique-Wood-Wren_Johnnier-Arango-scaled-0x0.jpg\" \/>\n<meta name=\"twitter:card\" content=\"summary_large_image\" \/>\n<meta name=\"twitter:site\" content=\"@Serraniagua\" \/>\n<meta name=\"twitter:label1\" content=\"Tiempo estimado de lectura\" \/>\n\t<meta name=\"twitter:data1\" content=\"1 minuto\" \/>\n<script type=\"application\/ld+json\" class=\"yoast-schema-graph\">{\"@context\":\"https:\/\/schema.org\",\"@graph\":[{\"@type\":\"WebPage\",\"@id\":\"https:\/\/serraniagua.org\/anterior\/?page_id=1306\",\"url\":\"https:\/\/serraniagua.org\/anterior\/?page_id=1306\",\"name\":\"Reserva Natural Comunitaria Cerro El Ingl\u00e9s - Serraniagua\",\"isPartOf\":{\"@id\":\"https:\/\/serraniagua.org\/anterior\/#website\"},\"datePublished\":\"2020-11-04T23:02:00+00:00\",\"dateModified\":\"2021-02-17T17:14:08+00:00\",\"breadcrumb\":{\"@id\":\"https:\/\/serraniagua.org\/anterior\/?page_id=1306#breadcrumb\"},\"inLanguage\":\"es-CO\",\"potentialAction\":[{\"@type\":\"ReadAction\",\"target\":[\"https:\/\/serraniagua.org\/anterior\/?page_id=1306\"]}]},{\"@type\":\"BreadcrumbList\",\"@id\":\"https:\/\/serraniagua.org\/anterior\/?page_id=1306#breadcrumb\",\"itemListElement\":[{\"@type\":\"ListItem\",\"position\":1,\"name\":\"Inicio\",\"item\":\"https:\/\/serraniagua.org\/anterior\/\"},{\"@type\":\"ListItem\",\"position\":2,\"name\":\"Reserva Natural Comunitaria Cerro El Ingl\u00e9s\"}]},{\"@type\":\"WebSite\",\"@id\":\"https:\/\/serraniagua.org\/anterior\/#website\",\"url\":\"https:\/\/serraniagua.org\/anterior\/\",\"name\":\"Serraniagua\",\"description\":\"Organizaci\u00f3n Ambiental Comunitaria\",\"publisher\":{\"@id\":\"https:\/\/serraniagua.org\/anterior\/#organization\"},\"potentialAction\":[{\"@type\":\"SearchAction\",\"target\":{\"@type\":\"EntryPoint\",\"urlTemplate\":\"https:\/\/serraniagua.org\/anterior\/?s={search_term_string}\"},\"query-input\":\"required name=search_term_string\"}],\"inLanguage\":\"es-CO\"},{\"@type\":\"Organization\",\"@id\":\"https:\/\/serraniagua.org\/anterior\/#organization\",\"name\":\"Serraniagua\",\"url\":\"https:\/\/serraniagua.org\/anterior\/\",\"logo\":{\"@type\":\"ImageObject\",\"inLanguage\":\"es-CO\",\"@id\":\"https:\/\/serraniagua.org\/anterior\/#\/schema\/logo\/image\/\",\"url\":\"https:\/\/serraniagua.org\/anterior\/wp-content\/uploads\/2021\/02\/logo_footer_color.png\",\"contentUrl\":\"https:\/\/serraniagua.org\/anterior\/wp-content\/uploads\/2021\/02\/logo_footer_color.png\",\"width\":224,\"height\":86,\"caption\":\"Serraniagua\"},\"image\":{\"@id\":\"https:\/\/serraniagua.org\/anterior\/#\/schema\/logo\/image\/\"},\"sameAs\":[\"https:\/\/www.facebook.com\/Serraniagua\",\"https:\/\/twitter.com\/Serraniagua\",\"https:\/\/www.instagram.com\/serraniagua_org\/\"]}]}<\/script>\n<!-- \/ Yoast SEO plugin. -->","yoast_head_json":{"title":"Reserva Natural Comunitaria Cerro El Ingl\u00e9s - Serraniagua","robots":{"index":"noindex","follow":"follow","max-snippet":"max-snippet:-1","max-image-preview":"max-image-preview:large","max-video-preview":"max-video-preview:-1"},"og_locale":"es_ES","og_type":"article","og_title":"Reserva Natural Comunitaria Cerro El Ingl\u00e9s - Serraniagua","og_description":"La Reserva Natural Cerro El Ingl\u00e9s es un ecosistema de bosque de niebla entre los andes occidentales y el Choc\u00f3 biogeogr\u00e1fico, es la primera reserva natural comunitaria constituida en la","og_url":"https:\/\/serraniagua.org\/anterior\/?page_id=1306","og_site_name":"Serraniagua","article_publisher":"https:\/\/www.facebook.com\/Serraniagua","article_modified_time":"2021-02-17T17:14:08+00:00","og_image":[{"url":"https:\/\/serraniagua.org\/anterior\/wp-content\/uploads\/2020\/11\/Henicorhina-negreti_Munchique-Wood-Wren_Johnnier-Arango-scaled-0x0.jpg"}],"twitter_card":"summary_large_image","twitter_site":"@Serraniagua","twitter_misc":{"Tiempo estimado de lectura":"1 minuto"},"schema":{"@context":"https:\/\/schema.org","@graph":[{"@type":"WebPage","@id":"https:\/\/serraniagua.org\/anterior\/?page_id=1306","url":"https:\/\/serraniagua.org\/anterior\/?page_id=1306","name":"Reserva Natural Comunitaria Cerro El Ingl\u00e9s - Serraniagua","isPartOf":{"@id":"https:\/\/serraniagua.org\/anterior\/#website"},"datePublished":"2020-11-04T23:02:00+00:00","dateModified":"2021-02-17T17:14:08+00:00","breadcrumb":{"@id":"https:\/\/serraniagua.org\/anterior\/?page_id=1306#breadcrumb"},"inLanguage":"es-CO","potentialAction":[{"@type":"ReadAction","target":["https:\/\/serraniagua.org\/anterior\/?page_id=1306"]}]},{"@type":"BreadcrumbList","@id":"https:\/\/serraniagua.org\/anterior\/?page_id=1306#breadcrumb","itemListElement":[{"@type":"ListItem","position":1,"name":"Inicio","item":"https:\/\/serraniagua.org\/anterior\/"},{"@type":"ListItem","position":2,"name":"Reserva Natural Comunitaria Cerro El Ingl\u00e9s"}]},{"@type":"WebSite","@id":"https:\/\/serraniagua.org\/anterior\/#website","url":"https:\/\/serraniagua.org\/anterior\/","name":"Serraniagua","description":"Organizaci\u00f3n Ambiental Comunitaria","publisher":{"@id":"https:\/\/serraniagua.org\/anterior\/#organization"},"potentialAction":[{"@type":"SearchAction","target":{"@type":"EntryPoint","urlTemplate":"https:\/\/serraniagua.org\/anterior\/?s={search_term_string}"},"query-input":"required name=search_term_string"}],"inLanguage":"es-CO"},{"@type":"Organization","@id":"https:\/\/serraniagua.org\/anterior\/#organization","name":"Serraniagua","url":"https:\/\/serraniagua.org\/anterior\/","logo":{"@type":"ImageObject","inLanguage":"es-CO","@id":"https:\/\/serraniagua.org\/anterior\/#\/schema\/logo\/image\/","url":"https:\/\/serraniagua.org\/anterior\/wp-content\/uploads\/2021\/02\/logo_footer_color.png","contentUrl":"https:\/\/serraniagua.org\/anterior\/wp-content\/uploads\/2021\/02\/logo_footer_color.png","width":224,"height":86,"caption":"Serraniagua"},"image":{"@id":"https:\/\/serraniagua.org\/anterior\/#\/schema\/logo\/image\/"},"sameAs":["https:\/\/www.facebook.com\/Serraniagua","https:\/\/twitter.com\/Serraniagua","https:\/\/www.instagram.com\/serraniagua_org\/"]}]}},"_links":{"self":[{"href":"https:\/\/serraniagua.org\/anterior\/index.php?rest_route=\/wp\/v2\/pages\/1306"}],"collection":[{"href":"https:\/\/serraniagua.org\/anterior\/index.php?rest_route=\/wp\/v2\/pages"}],"about":[{"href":"https:\/\/serraniagua.org\/anterior\/index.php?rest_route=\/wp\/v2\/types\/page"}],"author":[{"embeddable":true,"href":"https:\/\/serraniagua.org\/anterior\/index.php?rest_route=\/wp\/v2\/users\/1"}],"replies":[{"embeddable":true,"href":"https:\/\/serraniagua.org\/anterior\/index.php?rest_route=%2Fwp%2Fv2%2Fcomments&post=1306"}],"version-history":[{"count":33,"href":"https:\/\/serraniagua.org\/anterior\/index.php?rest_route=\/wp\/v2\/pages\/1306\/revisions"}],"predecessor-version":[{"id":1310,"href":"https:\/\/serraniagua.org\/anterior\/index.php?rest_route=\/wp\/v2\/pages\/1306\/revisions\/1310"}],"wp:attachment":[{"href":"https:\/\/serraniagua.org\/anterior\/index.php?rest_route=%2Fwp%2Fv2%2Fmedia&parent=1306"}],"curies":[{"name":"wp","href":"https:\/\/api.w.org\/{rel}","templated":true}]}}