{"id":1263,"date":"2020-10-30T21:30:59","date_gmt":"2020-10-30T21:30:59","guid":{"rendered":"https:\/\/serraniagua.org\/anterior\/?page_id=1263"},"modified":"2022-02-23T16:53:16","modified_gmt":"2022-02-23T21:53:16","slug":"iniciativa-ecuatorial-pnud","status":"publish","type":"page","link":"https:\/\/serraniagua.org\/anterior\/?page_id=1263","title":{"rendered":"Iniciativa Ecuatorial &#8211; PNUD"},"content":{"rendered":"<section class=\"kc-elm kc-css-690370 kc_row\"><div class=\"kc-row-container  kc-container\"><div class=\"kc-wrap-columns\"><div class=\"kc-elm kc-css-50100 kc_col-sm-12 kc_column kc_col-sm-12\"><div class=\"kc-col-container\"><div class=\"kc-elm kc-css-741198 kc_text_block\"><h1 style=\"color: #5c9c3f;\">Iniciativa Ecuatorial &#8211; PNUD<\/h1>\n<\/div><div class=\"kc-elm kc-css-136453 kc_shortcode kc_single_image\">\n\n        <a rel=\"prettyPhoto\" class=\"kc-pretty-photo\" href=\"https:\/\/serraniagua.org\/anterior\/wp-content\/uploads\/2020\/10\/equator_initiative.jpg\" title=\"\" target=\"\">\n        <img src=\"https:\/\/serraniagua.org\/anterior\/wp-content\/uploads\/2020\/10\/equator_initiative.jpg\" class=\"\" alt=\"\" \/>    <\/a>\n    <\/div>\n<\/div><\/div><\/div><\/div><\/section><section class=\"kc-elm kc-css-113337 kc_row\"><div class=\"kc-row-container  kc-container\"><div class=\"kc-wrap-columns\"><div class=\"kc-elm kc-css-22698 kc_col-sm-6 kc_column kc_col-sm-6\"><div class=\"kc-col-container\"><div class=\"kc-elm kc-css-284021\" style=\"height: 40px; clear: both; width:100%;\"><\/div><div class=\"kc-elm kc-css-634790 kc_text_block\"><h1 style=\"color: #5c9c3f;\">\u00bfQu\u00e9 hacemos?<\/h1>\n<\/div><div class=\"kc-elm kc-css-582620\" style=\"height: 10px; clear: both; width:100%;\"><\/div><div class=\"kc-elm kc-css-152180 kc_text_block\"><p>La Iniciativa Ecuatorial re\u00fane a las Naciones Unidas, los gobiernos, la sociedad civil, las empresas y las organizaciones de base para reconocer y promover soluciones locales de desarrollo sostenible para las personas, la naturaleza y las comunidades resilientes.<\/p>\n<\/div><\/div><\/div><div class=\"kc-elm kc-css-124231 kc_col-sm-6 kc_column kc_col-sm-6\"><div class=\"kc-col-container\"><div class=\"kc-elm kc-css-2902\" style=\"height: 40px; clear: both; width:100%;\"><\/div><div class=\"kc-elm kc-css-532574 kc_text_block\"><h1 style=\"color: #5c9c3f;\">\u00bfQu\u00e9 Buscamos?<\/h1>\n<\/div><div class=\"kc-elm kc-css-344963\" style=\"height: 10px; clear: both; width:100%;\"><\/div><div class=\"kc-elm kc-css-365995 kc_text_block\"><p><strong>Reconocer el \u00e9xito<\/strong> de las iniciativas locales e ind\u00edgenas<\/p>\n<\/div><div class=\"kc-elm kc-css-159029\" style=\"height: 10px; clear: both; width:100%;\"><\/div><div class=\"kc-elm kc-css-129830 kc_text_block\"><p><b>Crear oportunidades y plataformas<\/b> para compartir conocimientos y buenas pr\u00e1cticas<\/p>\n<\/div><div class=\"kc-elm kc-css-746312\" style=\"height: 10px; clear: both; width:100%;\"><\/div><div class=\"kc-elm kc-css-937272 kc_text_block\"><p><b>Informar la pol\u00edtica<\/b> para fomentar un entorno propicio para la acci\u00f3n de las comunidades locales e ind\u00edgenas<\/p>\n<\/div><div class=\"kc-elm kc-css-582318\" style=\"height: 10px; clear: both; width:100%;\"><\/div><div class=\"kc-elm kc-css-567653 kc_text_block\"><p><b>Desarrollar la capacidad<\/b> de las iniciativas locales e ind\u00edgenas para ampliar su impacto.<\/p>\n<\/div><\/div><\/div><\/div><\/div><\/section><section class=\"kc-elm kc-css-540028 kc_row\"><div class=\"kc-row-container  kc-container\"><div class=\"kc-wrap-columns\"><div class=\"kc-elm kc-css-194101 kc_col-sm-12 kc_column kc_col-sm-12\"><div class=\"kc-col-container\"><div class=\"kc-elm kc-css-805310\" style=\"height: 40px; clear: both; width:100%;\"><\/div><div class=\"kc-elm kc-css-371872 kc_text_block\"><blockquote>\n<p><span style=\"color: #5c9c3f;\">Serraniagua junto con otras organizaciones de los 5 continentes, gan\u00f3 el Premio Ecuatorial en 2008 por su contribuci\u00f3n a la conservaci\u00f3n de la biodiversidad y alivio de la pobreza.<\/span><\/p>\n<\/blockquote>\n<\/div><div class=\"kc-elm kc-css-840626\" style=\"height: 10px; clear: both; width:100%;\"><\/div><div class=\"kc-elm kc-css-23847 kc_text_block\"><p>Puedes ver su p\u00e1gina web ac\u00e1:\u00a0<a href=\"https:\/\/www.equatorinitiative.org\/\">https:\/\/www.equatorinitiative.org\/<\/a><\/p>\n<\/div><\/div><\/div><\/div><\/div><\/section>\n","protected":false},"excerpt":{"rendered":"","protected":false},"author":1,"featured_media":0,"parent":0,"menu_order":0,"comment_status":"closed","ping_status":"closed","template":"","meta":[],"yoast_head":"<!-- This site is optimized with the Yoast SEO plugin v20.6 - https:\/\/yoast.com\/wordpress\/plugins\/seo\/ -->\n<title>Iniciativa Ecuatorial - PNUD - Serraniagua<\/title>\n<meta name=\"robots\" content=\"noindex, follow, max-snippet:-1, max-image-preview:large, max-video-preview:-1\" \/>\n<meta property=\"og:locale\" content=\"es_ES\" \/>\n<meta property=\"og:type\" content=\"article\" \/>\n<meta property=\"og:title\" content=\"Iniciativa Ecuatorial - PNUD - Serraniagua\" \/>\n<meta property=\"og:description\" content=\"Iniciativa Ecuatorial &#8211; PNUD \u00bfQu\u00e9 hacemos? La Iniciativa Ecuatorial re\u00fane a las Naciones Unidas, los gobiernos, la sociedad civil, las empresas y las organizaciones de base para reconocer y promover\" \/>\n<meta property=\"og:url\" content=\"https:\/\/serraniagua.org\/anterior\/?page_id=1263\" \/>\n<meta property=\"og:site_name\" content=\"Serraniagua\" \/>\n<meta property=\"article:publisher\" content=\"https:\/\/www.facebook.com\/Serraniagua\" \/>\n<meta property=\"article:modified_time\" content=\"2022-02-23T21:53:16+00:00\" \/>\n<meta property=\"og:image\" content=\"https:\/\/serraniagua.org\/anterior\/wp-content\/uploads\/2020\/10\/equator_initiative.jpg\" \/>\n<meta name=\"twitter:card\" content=\"summary_large_image\" \/>\n<meta name=\"twitter:site\" content=\"@Serraniagua\" \/>\n<meta name=\"twitter:label1\" content=\"Tiempo estimado de lectura\" \/>\n\t<meta name=\"twitter:data1\" content=\"1 minuto\" \/>\n<script type=\"application\/ld+json\" class=\"yoast-schema-graph\">{\"@context\":\"https:\/\/schema.org\",\"@graph\":[{\"@type\":\"WebPage\",\"@id\":\"https:\/\/serraniagua.org\/anterior\/?page_id=1263\",\"url\":\"https:\/\/serraniagua.org\/anterior\/?page_id=1263\",\"name\":\"Iniciativa Ecuatorial - PNUD - Serraniagua\",\"isPartOf\":{\"@id\":\"https:\/\/serraniagua.org\/anterior\/#website\"},\"datePublished\":\"2020-10-30T21:30:59+00:00\",\"dateModified\":\"2022-02-23T21:53:16+00:00\",\"breadcrumb\":{\"@id\":\"https:\/\/serraniagua.org\/anterior\/?page_id=1263#breadcrumb\"},\"inLanguage\":\"es-CO\",\"potentialAction\":[{\"@type\":\"ReadAction\",\"target\":[\"https:\/\/serraniagua.org\/anterior\/?page_id=1263\"]}]},{\"@type\":\"BreadcrumbList\",\"@id\":\"https:\/\/serraniagua.org\/anterior\/?page_id=1263#breadcrumb\",\"itemListElement\":[{\"@type\":\"ListItem\",\"position\":1,\"name\":\"Inicio\",\"item\":\"https:\/\/serraniagua.org\/anterior\/\"},{\"@type\":\"ListItem\",\"position\":2,\"name\":\"Iniciativa Ecuatorial &#8211; PNUD\"}]},{\"@type\":\"WebSite\",\"@id\":\"https:\/\/serraniagua.org\/anterior\/#website\",\"url\":\"https:\/\/serraniagua.org\/anterior\/\",\"name\":\"Serraniagua\",\"description\":\"Organizaci\u00f3n Ambiental Comunitaria\",\"publisher\":{\"@id\":\"https:\/\/serraniagua.org\/anterior\/#organization\"},\"potentialAction\":[{\"@type\":\"SearchAction\",\"target\":{\"@type\":\"EntryPoint\",\"urlTemplate\":\"https:\/\/serraniagua.org\/anterior\/?s={search_term_string}\"},\"query-input\":\"required name=search_term_string\"}],\"inLanguage\":\"es-CO\"},{\"@type\":\"Organization\",\"@id\":\"https:\/\/serraniagua.org\/anterior\/#organization\",\"name\":\"Serraniagua\",\"url\":\"https:\/\/serraniagua.org\/anterior\/\",\"logo\":{\"@type\":\"ImageObject\",\"inLanguage\":\"es-CO\",\"@id\":\"https:\/\/serraniagua.org\/anterior\/#\/schema\/logo\/image\/\",\"url\":\"https:\/\/serraniagua.org\/anterior\/wp-content\/uploads\/2021\/02\/logo_footer_color.png\",\"contentUrl\":\"https:\/\/serraniagua.org\/anterior\/wp-content\/uploads\/2021\/02\/logo_footer_color.png\",\"width\":224,\"height\":86,\"caption\":\"Serraniagua\"},\"image\":{\"@id\":\"https:\/\/serraniagua.org\/anterior\/#\/schema\/logo\/image\/\"},\"sameAs\":[\"https:\/\/www.facebook.com\/Serraniagua\",\"https:\/\/twitter.com\/Serraniagua\",\"https:\/\/www.instagram.com\/serraniagua_org\/\"]}]}<\/script>\n<!-- \/ Yoast SEO plugin. -->","yoast_head_json":{"title":"Iniciativa Ecuatorial - PNUD - Serraniagua","robots":{"index":"noindex","follow":"follow","max-snippet":"max-snippet:-1","max-image-preview":"max-image-preview:large","max-video-preview":"max-video-preview:-1"},"og_locale":"es_ES","og_type":"article","og_title":"Iniciativa Ecuatorial - PNUD - Serraniagua","og_description":"Iniciativa Ecuatorial &#8211; PNUD \u00bfQu\u00e9 hacemos? La Iniciativa Ecuatorial re\u00fane a las Naciones Unidas, los gobiernos, la sociedad civil, las empresas y las organizaciones de base para reconocer y promover","og_url":"https:\/\/serraniagua.org\/anterior\/?page_id=1263","og_site_name":"Serraniagua","article_publisher":"https:\/\/www.facebook.com\/Serraniagua","article_modified_time":"2022-02-23T21:53:16+00:00","og_image":[{"url":"https:\/\/serraniagua.org\/anterior\/wp-content\/uploads\/2020\/10\/equator_initiative.jpg"}],"twitter_card":"summary_large_image","twitter_site":"@Serraniagua","twitter_misc":{"Tiempo estimado de lectura":"1 minuto"},"schema":{"@context":"https:\/\/schema.org","@graph":[{"@type":"WebPage","@id":"https:\/\/serraniagua.org\/anterior\/?page_id=1263","url":"https:\/\/serraniagua.org\/anterior\/?page_id=1263","name":"Iniciativa Ecuatorial - PNUD - Serraniagua","isPartOf":{"@id":"https:\/\/serraniagua.org\/anterior\/#website"},"datePublished":"2020-10-30T21:30:59+00:00","dateModified":"2022-02-23T21:53:16+00:00","breadcrumb":{"@id":"https:\/\/serraniagua.org\/anterior\/?page_id=1263#breadcrumb"},"inLanguage":"es-CO","potentialAction":[{"@type":"ReadAction","target":["https:\/\/serraniagua.org\/anterior\/?page_id=1263"]}]},{"@type":"BreadcrumbList","@id":"https:\/\/serraniagua.org\/anterior\/?page_id=1263#breadcrumb","itemListElement":[{"@type":"ListItem","position":1,"name":"Inicio","item":"https:\/\/serraniagua.org\/anterior\/"},{"@type":"ListItem","position":2,"name":"Iniciativa Ecuatorial &#8211; PNUD"}]},{"@type":"WebSite","@id":"https:\/\/serraniagua.org\/anterior\/#website","url":"https:\/\/serraniagua.org\/anterior\/","name":"Serraniagua","description":"Organizaci\u00f3n Ambiental Comunitaria","publisher":{"@id":"https:\/\/serraniagua.org\/anterior\/#organization"},"potentialAction":[{"@type":"SearchAction","target":{"@type":"EntryPoint","urlTemplate":"https:\/\/serraniagua.org\/anterior\/?s={search_term_string}"},"query-input":"required name=search_term_string"}],"inLanguage":"es-CO"},{"@type":"Organization","@id":"https:\/\/serraniagua.org\/anterior\/#organization","name":"Serraniagua","url":"https:\/\/serraniagua.org\/anterior\/","logo":{"@type":"ImageObject","inLanguage":"es-CO","@id":"https:\/\/serraniagua.org\/anterior\/#\/schema\/logo\/image\/","url":"https:\/\/serraniagua.org\/anterior\/wp-content\/uploads\/2021\/02\/logo_footer_color.png","contentUrl":"https:\/\/serraniagua.org\/anterior\/wp-content\/uploads\/2021\/02\/logo_footer_color.png","width":224,"height":86,"caption":"Serraniagua"},"image":{"@id":"https:\/\/serraniagua.org\/anterior\/#\/schema\/logo\/image\/"},"sameAs":["https:\/\/www.facebook.com\/Serraniagua","https:\/\/twitter.com\/Serraniagua","https:\/\/www.instagram.com\/serraniagua_org\/"]}]}},"_links":{"self":[{"href":"https:\/\/serraniagua.org\/anterior\/index.php?rest_route=\/wp\/v2\/pages\/1263"}],"collection":[{"href":"https:\/\/serraniagua.org\/anterior\/index.php?rest_route=\/wp\/v2\/pages"}],"about":[{"href":"https:\/\/serraniagua.org\/anterior\/index.php?rest_route=\/wp\/v2\/types\/page"}],"author":[{"embeddable":true,"href":"https:\/\/serraniagua.org\/anterior\/index.php?rest_route=\/wp\/v2\/users\/1"}],"replies":[{"embeddable":true,"href":"https:\/\/serraniagua.org\/anterior\/index.php?rest_route=%2Fwp%2Fv2%2Fcomments&post=1263"}],"version-history":[{"count":6,"href":"https:\/\/serraniagua.org\/anterior\/index.php?rest_route=\/wp\/v2\/pages\/1263\/revisions"}],"predecessor-version":[{"id":2097,"href":"https:\/\/serraniagua.org\/anterior\/index.php?rest_route=\/wp\/v2\/pages\/1263\/revisions\/2097"}],"wp:attachment":[{"href":"https:\/\/serraniagua.org\/anterior\/index.php?rest_route=%2Fwp%2Fv2%2Fmedia&parent=1263"}],"curies":[{"name":"wp","href":"https:\/\/api.w.org\/{rel}","templated":true}]}}