{"id":1251,"date":"2020-10-30T20:51:00","date_gmt":"2020-10-30T20:51:00","guid":{"rendered":"https:\/\/serraniagua.org\/anterior\/?page_id=1251"},"modified":"2022-02-23T16:55:51","modified_gmt":"2022-02-23T21:55:51","slug":"iucn-paises-bajos","status":"publish","type":"page","link":"https:\/\/serraniagua.org\/anterior\/?page_id=1251","title":{"rendered":"IUCN &#8211; Pa\u00edses Bajos"},"content":{"rendered":"<section class=\"kc-elm kc-css-779832 kc_row\"><div class=\"kc-row-container  kc-container\"><div class=\"kc-wrap-columns\"><div class=\"kc-elm kc-css-491707 kc_col-sm-12 kc_column kc_col-sm-12\"><div class=\"kc-col-container\"><div class=\"kc-elm kc-css-947264 kc_text_block\"><h1 style=\"color: #5c9c3f;\">IUCN &#8211; Pa\u00edses Bajos<\/h1>\n<\/div><div class=\"kc-elm kc-css-529872 kc_shortcode kc_single_image\">\n\n        <a rel=\"prettyPhoto\" class=\"kc-pretty-photo\" href=\"https:\/\/serraniagua.org\/anterior\/wp-content\/uploads\/2020\/10\/IUCN.jpg\" title=\"\" target=\"\">\n        <img src=\"https:\/\/serraniagua.org\/anterior\/wp-content\/uploads\/2020\/10\/IUCN.jpg\" class=\"\" alt=\"\" \/>    <\/a>\n    <\/div>\n<div class=\"kc-elm kc-css-456965\" style=\"height: 40px; clear: both; width:100%;\"><\/div><div class=\"kc-elm kc-css-241252 kc_text_block\"><p>\nLa naturaleza es fundamental para nuestro bienestar. Nos proporciona alimento, aire y agua limpios, energ\u00eda, refugio, medicina, recreaci\u00f3n e inspiraci\u00f3n. Mientras mantengamos la naturaleza saludable, podemos disfrutar de sus beneficios. Y comparta estos beneficios de manera justa: con los pobres y vulnerables, con otras especies y con las generaciones futuras. Esa es nuestra visi\u00f3n: un mundo justo que valore y conserve la naturaleza.<\/p>\n<\/div><div class=\"kc-elm kc-css-326818\" style=\"height: 10px; clear: both; width:100%;\"><\/div><div class=\"kc-elm kc-css-970761 kc_text_block\"><p>\nIUCN NL es el comit\u00e9 nacional holand\u00e9s de la Uni\u00f3n Internacional para la Conservaci\u00f3n de la Naturaleza, la red ambiental m\u00e1s grande y diversa del mundo. La UICN aprovecha la experiencia, los recursos y el alcance de sus m\u00e1s de 1400 organizaciones miembros, compuestas por organizaciones gubernamentales y de la sociedad civil, y el aporte de m\u00e1s de 15 000 expertos. La UICN es la autoridad mundial sobre el estado del mundo natural y las medidas necesarias para salvaguardarlo. La UICN tiene su sede en Gland, Suiza. Visite UICN.org para obtener m\u00e1s informaci\u00f3n sobre el trabajo de la UICN.<\/p>\n<\/div><div class=\"kc-elm kc-css-669714\" style=\"height: 10px; clear: both; width:100%;\"><\/div><div class=\"kc-elm kc-css-124621 kc_text_block\"><p>\nEn los Pa\u00edses Bajos, UICN NL forma la plataforma de las 38 organizaciones holandesas miembros de la UICN, incluidas organizaciones ambientales y de naturaleza grandes y peque\u00f1as, el gobierno holand\u00e9s e instituciones de conocimiento.&nbsp;<\/p>\n<\/div><div class=\"kc-elm kc-css-291161\" style=\"height: 10px; clear: both; width:100%;\"><\/div><div class=\"kc-elm kc-css-813297 kc_text_block\"><p>\nEn los Pa\u00edses Bajos, UICN NL forma la plataforma de las 38 organizaciones holandesas miembros de la UICN, incluidas organizaciones ambientales y de naturaleza grandes y peque\u00f1as, el gobierno holand\u00e9s e instituciones de conocimiento.<\/p>\n<\/div><div class=\"kc-elm kc-css-248511\" style=\"height: 20px; clear: both; width:100%;\"><\/div><div class=\"kc-elm kc-css-378438 kc_text_block\"><blockquote>\n<p><span style=\"color: #5c9c3f;\">Serraniagua ha sido seleccionada por la IUCN &#8211; NL como una de las organizaciones ejemplares en conservaci\u00f3n de naturaleza bajo iniciativas de conservaci\u00f3n comunitaria.<\/span><\/p>\n<\/blockquote>\n<\/div><div class=\"kc-elm kc-css-469866\" style=\"height: 10px; clear: both; width:100%;\"><\/div><div class=\"kc-elm kc-css-153060 kc_text_block\"><p>\nPuede visitar su sitio web ac\u00e1:\u00a0<a href=\"https:\/\/www.iucn.nl\/en\/updates\/anniversary-report-two-decades-of-land-acquisition-for-conservation\">https:\/\/www.iucn.nl\/en\/updates\/anniversary-report-two-decades-of-land-acquisition-for-conservation<\/a><\/p>\n<\/div><\/div><\/div><\/div><\/div><\/section>\n","protected":false},"excerpt":{"rendered":"","protected":false},"author":1,"featured_media":0,"parent":0,"menu_order":0,"comment_status":"closed","ping_status":"closed","template":"","meta":[],"yoast_head":"<!-- This site is optimized with the Yoast SEO plugin v20.6 - https:\/\/yoast.com\/wordpress\/plugins\/seo\/ -->\n<title>IUCN - Pa\u00edses Bajos - Serraniagua<\/title>\n<meta name=\"robots\" content=\"noindex, follow, max-snippet:-1, max-image-preview:large, max-video-preview:-1\" \/>\n<meta property=\"og:locale\" content=\"es_ES\" \/>\n<meta property=\"og:type\" content=\"article\" \/>\n<meta property=\"og:title\" content=\"IUCN - Pa\u00edses Bajos - Serraniagua\" \/>\n<meta property=\"og:description\" content=\"IUCN &#8211; Pa\u00edses Bajos La naturaleza es fundamental para nuestro bienestar. Nos proporciona alimento, aire y agua limpios, energ\u00eda, refugio, medicina, recreaci\u00f3n e inspiraci\u00f3n. Mientras mantengamos la naturaleza saludable, podemos\" \/>\n<meta property=\"og:url\" content=\"https:\/\/serraniagua.org\/anterior\/?page_id=1251\" \/>\n<meta property=\"og:site_name\" content=\"Serraniagua\" \/>\n<meta property=\"article:publisher\" content=\"https:\/\/www.facebook.com\/Serraniagua\" \/>\n<meta property=\"article:modified_time\" content=\"2022-02-23T21:55:51+00:00\" \/>\n<meta property=\"og:image\" content=\"https:\/\/serraniagua.org\/anterior\/wp-content\/uploads\/2020\/10\/IUCN.jpg\" \/>\n<meta name=\"twitter:card\" content=\"summary_large_image\" \/>\n<meta name=\"twitter:site\" content=\"@Serraniagua\" \/>\n<meta name=\"twitter:label1\" content=\"Tiempo estimado de lectura\" \/>\n\t<meta name=\"twitter:data1\" content=\"1 minuto\" \/>\n<script type=\"application\/ld+json\" class=\"yoast-schema-graph\">{\"@context\":\"https:\/\/schema.org\",\"@graph\":[{\"@type\":\"WebPage\",\"@id\":\"https:\/\/serraniagua.org\/anterior\/?page_id=1251\",\"url\":\"https:\/\/serraniagua.org\/anterior\/?page_id=1251\",\"name\":\"IUCN - Pa\u00edses Bajos - Serraniagua\",\"isPartOf\":{\"@id\":\"https:\/\/serraniagua.org\/anterior\/#website\"},\"datePublished\":\"2020-10-30T20:51:00+00:00\",\"dateModified\":\"2022-02-23T21:55:51+00:00\",\"breadcrumb\":{\"@id\":\"https:\/\/serraniagua.org\/anterior\/?page_id=1251#breadcrumb\"},\"inLanguage\":\"es-CO\",\"potentialAction\":[{\"@type\":\"ReadAction\",\"target\":[\"https:\/\/serraniagua.org\/anterior\/?page_id=1251\"]}]},{\"@type\":\"BreadcrumbList\",\"@id\":\"https:\/\/serraniagua.org\/anterior\/?page_id=1251#breadcrumb\",\"itemListElement\":[{\"@type\":\"ListItem\",\"position\":1,\"name\":\"Inicio\",\"item\":\"https:\/\/serraniagua.org\/anterior\/\"},{\"@type\":\"ListItem\",\"position\":2,\"name\":\"IUCN &#8211; Pa\u00edses Bajos\"}]},{\"@type\":\"WebSite\",\"@id\":\"https:\/\/serraniagua.org\/anterior\/#website\",\"url\":\"https:\/\/serraniagua.org\/anterior\/\",\"name\":\"Serraniagua\",\"description\":\"Organizaci\u00f3n Ambiental Comunitaria\",\"publisher\":{\"@id\":\"https:\/\/serraniagua.org\/anterior\/#organization\"},\"potentialAction\":[{\"@type\":\"SearchAction\",\"target\":{\"@type\":\"EntryPoint\",\"urlTemplate\":\"https:\/\/serraniagua.org\/anterior\/?s={search_term_string}\"},\"query-input\":\"required name=search_term_string\"}],\"inLanguage\":\"es-CO\"},{\"@type\":\"Organization\",\"@id\":\"https:\/\/serraniagua.org\/anterior\/#organization\",\"name\":\"Serraniagua\",\"url\":\"https:\/\/serraniagua.org\/anterior\/\",\"logo\":{\"@type\":\"ImageObject\",\"inLanguage\":\"es-CO\",\"@id\":\"https:\/\/serraniagua.org\/anterior\/#\/schema\/logo\/image\/\",\"url\":\"https:\/\/serraniagua.org\/anterior\/wp-content\/uploads\/2021\/02\/logo_footer_color.png\",\"contentUrl\":\"https:\/\/serraniagua.org\/anterior\/wp-content\/uploads\/2021\/02\/logo_footer_color.png\",\"width\":224,\"height\":86,\"caption\":\"Serraniagua\"},\"image\":{\"@id\":\"https:\/\/serraniagua.org\/anterior\/#\/schema\/logo\/image\/\"},\"sameAs\":[\"https:\/\/www.facebook.com\/Serraniagua\",\"https:\/\/twitter.com\/Serraniagua\",\"https:\/\/www.instagram.com\/serraniagua_org\/\"]}]}<\/script>\n<!-- \/ Yoast SEO plugin. -->","yoast_head_json":{"title":"IUCN - Pa\u00edses Bajos - Serraniagua","robots":{"index":"noindex","follow":"follow","max-snippet":"max-snippet:-1","max-image-preview":"max-image-preview:large","max-video-preview":"max-video-preview:-1"},"og_locale":"es_ES","og_type":"article","og_title":"IUCN - Pa\u00edses Bajos - Serraniagua","og_description":"IUCN &#8211; Pa\u00edses Bajos La naturaleza es fundamental para nuestro bienestar. Nos proporciona alimento, aire y agua limpios, energ\u00eda, refugio, medicina, recreaci\u00f3n e inspiraci\u00f3n. Mientras mantengamos la naturaleza saludable, podemos","og_url":"https:\/\/serraniagua.org\/anterior\/?page_id=1251","og_site_name":"Serraniagua","article_publisher":"https:\/\/www.facebook.com\/Serraniagua","article_modified_time":"2022-02-23T21:55:51+00:00","og_image":[{"url":"https:\/\/serraniagua.org\/anterior\/wp-content\/uploads\/2020\/10\/IUCN.jpg"}],"twitter_card":"summary_large_image","twitter_site":"@Serraniagua","twitter_misc":{"Tiempo estimado de lectura":"1 minuto"},"schema":{"@context":"https:\/\/schema.org","@graph":[{"@type":"WebPage","@id":"https:\/\/serraniagua.org\/anterior\/?page_id=1251","url":"https:\/\/serraniagua.org\/anterior\/?page_id=1251","name":"IUCN - Pa\u00edses Bajos - Serraniagua","isPartOf":{"@id":"https:\/\/serraniagua.org\/anterior\/#website"},"datePublished":"2020-10-30T20:51:00+00:00","dateModified":"2022-02-23T21:55:51+00:00","breadcrumb":{"@id":"https:\/\/serraniagua.org\/anterior\/?page_id=1251#breadcrumb"},"inLanguage":"es-CO","potentialAction":[{"@type":"ReadAction","target":["https:\/\/serraniagua.org\/anterior\/?page_id=1251"]}]},{"@type":"BreadcrumbList","@id":"https:\/\/serraniagua.org\/anterior\/?page_id=1251#breadcrumb","itemListElement":[{"@type":"ListItem","position":1,"name":"Inicio","item":"https:\/\/serraniagua.org\/anterior\/"},{"@type":"ListItem","position":2,"name":"IUCN &#8211; Pa\u00edses Bajos"}]},{"@type":"WebSite","@id":"https:\/\/serraniagua.org\/anterior\/#website","url":"https:\/\/serraniagua.org\/anterior\/","name":"Serraniagua","description":"Organizaci\u00f3n Ambiental Comunitaria","publisher":{"@id":"https:\/\/serraniagua.org\/anterior\/#organization"},"potentialAction":[{"@type":"SearchAction","target":{"@type":"EntryPoint","urlTemplate":"https:\/\/serraniagua.org\/anterior\/?s={search_term_string}"},"query-input":"required name=search_term_string"}],"inLanguage":"es-CO"},{"@type":"Organization","@id":"https:\/\/serraniagua.org\/anterior\/#organization","name":"Serraniagua","url":"https:\/\/serraniagua.org\/anterior\/","logo":{"@type":"ImageObject","inLanguage":"es-CO","@id":"https:\/\/serraniagua.org\/anterior\/#\/schema\/logo\/image\/","url":"https:\/\/serraniagua.org\/anterior\/wp-content\/uploads\/2021\/02\/logo_footer_color.png","contentUrl":"https:\/\/serraniagua.org\/anterior\/wp-content\/uploads\/2021\/02\/logo_footer_color.png","width":224,"height":86,"caption":"Serraniagua"},"image":{"@id":"https:\/\/serraniagua.org\/anterior\/#\/schema\/logo\/image\/"},"sameAs":["https:\/\/www.facebook.com\/Serraniagua","https:\/\/twitter.com\/Serraniagua","https:\/\/www.instagram.com\/serraniagua_org\/"]}]}},"_links":{"self":[{"href":"https:\/\/serraniagua.org\/anterior\/index.php?rest_route=\/wp\/v2\/pages\/1251"}],"collection":[{"href":"https:\/\/serraniagua.org\/anterior\/index.php?rest_route=\/wp\/v2\/pages"}],"about":[{"href":"https:\/\/serraniagua.org\/anterior\/index.php?rest_route=\/wp\/v2\/types\/page"}],"author":[{"embeddable":true,"href":"https:\/\/serraniagua.org\/anterior\/index.php?rest_route=\/wp\/v2\/users\/1"}],"replies":[{"embeddable":true,"href":"https:\/\/serraniagua.org\/anterior\/index.php?rest_route=%2Fwp%2Fv2%2Fcomments&post=1251"}],"version-history":[{"count":7,"href":"https:\/\/serraniagua.org\/anterior\/index.php?rest_route=\/wp\/v2\/pages\/1251\/revisions"}],"predecessor-version":[{"id":2100,"href":"https:\/\/serraniagua.org\/anterior\/index.php?rest_route=\/wp\/v2\/pages\/1251\/revisions\/2100"}],"wp:attachment":[{"href":"https:\/\/serraniagua.org\/anterior\/index.php?rest_route=%2Fwp%2Fv2%2Fmedia&parent=1251"}],"curies":[{"name":"wp","href":"https:\/\/api.w.org\/{rel}","templated":true}]}}