{"id":1231,"date":"2020-10-30T17:32:02","date_gmt":"2020-10-30T17:32:02","guid":{"rendered":"https:\/\/serraniagua.org\/anterior\/?page_id=1231"},"modified":"2021-02-23T17:02:20","modified_gmt":"2021-02-23T22:02:20","slug":"cepf-andes-tropicales","status":"publish","type":"page","link":"https:\/\/serraniagua.org\/anterior\/?page_id=1231","title":{"rendered":"CEPF &#8211; Andes Tropicales"},"content":{"rendered":"<section class=\"kc-elm kc-css-691020 kc_row\"><div class=\"kc-row-container  kc-container\"><div class=\"kc-wrap-columns\"><div class=\"kc-elm kc-css-906415 kc_col-sm-12 kc_column kc_col-sm-12\"><div class=\"kc-col-container\"><div class=\"kc-elm kc-css-39169 kc_text_block\"><h1 style=\"color: #5c9c3f;\">CEPF &#8211; Andes Tropicales<\/h1>\n<\/div><div class=\"kc-elm kc-css-256302 kc_shortcode kc_single_image\">\n\n        <a rel=\"prettyPhoto\" class=\"kc-pretty-photo\" href=\"https:\/\/serraniagua.org\/anterior\/wp-content\/uploads\/2020\/10\/critical_ecosystem_partnership_fund.jpg\" title=\"\" target=\"\">\n        <img src=\"https:\/\/serraniagua.org\/anterior\/wp-content\/uploads\/2020\/10\/critical_ecosystem_partnership_fund.jpg\" class=\"\" alt=\"\" \/>    <\/a>\n    <\/div>\n<div class=\"kc-elm kc-css-952835\" style=\"height: 40px; clear: both; width:100%;\"><\/div><div class=\"kc-elm kc-css-228710 kc_text_block\"><p>El Fondo de Alianzas para los Ecosistemas Cr\u00edticos (Critical Ecosystem Partnership Fund \u2013 CEPF en ingl\u00e9s) es una iniciativa conjunta de la Agencia Francesa para el Desarrollo, Conservaci\u00f3n Internacional, la Uni\u00f3n Europea, el Fondo para el Medio Ambiente Mundial, el Gobierno de Jap\u00f3n y el Banco Mundial; cuyo prop\u00f3sito fundamental es garantizar que la sociedad civil se involucre en las iniciativas de conservaci\u00f3n de la biodiversidad en los hotspots o \u201csitios calientes\u201d de biodiversidad.<\/p>\n<\/div><div class=\"kc-elm kc-css-632708\" style=\"height: 10px; clear: both; width:100%;\"><\/div><div class=\"kc-elm kc-css-583789 kc_text_block\"><p>Serraniagua hace parte del grupo de organizaciones de la sociedad civil socias de CEPF en Colombia, comprometidas con la conservaci\u00f3n en los Andes Tropicales y en el corredor de conservaci\u00f3n Choc\u00f3 &#8211; Manab\u00ed.<\/p>\n<\/div><div class=\"kc-elm kc-css-11943\" style=\"height: 10px; clear: both; width:100%;\"><\/div><div class=\"kc-elm kc-css-36803 kc_text_block\"><p>Sitio web:\u00a0<a href=\"http:\/\/andestropicales.net\/la-serrania-de-los-paraguas-una-nueva-area-protegida\/\">http:\/\/andestropicales.net\/la-serrania-de-los-paraguas-una-nueva-area-protegida\/<\/a><\/p>\n<\/div><\/div><\/div><\/div><\/div><\/section>\n","protected":false},"excerpt":{"rendered":"","protected":false},"author":1,"featured_media":0,"parent":0,"menu_order":0,"comment_status":"closed","ping_status":"closed","template":"","meta":[],"yoast_head":"<!-- This site is optimized with the Yoast SEO plugin v20.6 - https:\/\/yoast.com\/wordpress\/plugins\/seo\/ -->\n<title>CEPF - Andes Tropicales - Serraniagua<\/title>\n<meta name=\"robots\" content=\"noindex, follow, max-snippet:-1, max-image-preview:large, max-video-preview:-1\" \/>\n<meta property=\"og:locale\" content=\"es_ES\" \/>\n<meta property=\"og:type\" content=\"article\" \/>\n<meta property=\"og:title\" content=\"CEPF - Andes Tropicales - Serraniagua\" \/>\n<meta property=\"og:description\" content=\"CEPF &#8211; Andes Tropicales El Fondo de Alianzas para los Ecosistemas Cr\u00edticos (Critical Ecosystem Partnership Fund \u2013 CEPF en ingl\u00e9s) es una iniciativa conjunta de la Agencia Francesa para el\" \/>\n<meta property=\"og:url\" content=\"https:\/\/serraniagua.org\/anterior\/?page_id=1231\" \/>\n<meta property=\"og:site_name\" content=\"Serraniagua\" \/>\n<meta property=\"article:publisher\" content=\"https:\/\/www.facebook.com\/Serraniagua\" \/>\n<meta property=\"article:modified_time\" content=\"2021-02-23T22:02:20+00:00\" \/>\n<meta property=\"og:image\" content=\"https:\/\/serraniagua.org\/anterior\/wp-content\/uploads\/2020\/10\/critical_ecosystem_partnership_fund.jpg\" \/>\n<meta name=\"twitter:card\" content=\"summary_large_image\" \/>\n<meta name=\"twitter:site\" content=\"@Serraniagua\" \/>\n<meta name=\"twitter:label1\" content=\"Tiempo estimado de lectura\" \/>\n\t<meta name=\"twitter:data1\" content=\"1 minuto\" \/>\n<script type=\"application\/ld+json\" class=\"yoast-schema-graph\">{\"@context\":\"https:\/\/schema.org\",\"@graph\":[{\"@type\":\"WebPage\",\"@id\":\"https:\/\/serraniagua.org\/anterior\/?page_id=1231\",\"url\":\"https:\/\/serraniagua.org\/anterior\/?page_id=1231\",\"name\":\"CEPF - Andes Tropicales - Serraniagua\",\"isPartOf\":{\"@id\":\"https:\/\/serraniagua.org\/anterior\/#website\"},\"datePublished\":\"2020-10-30T17:32:02+00:00\",\"dateModified\":\"2021-02-23T22:02:20+00:00\",\"breadcrumb\":{\"@id\":\"https:\/\/serraniagua.org\/anterior\/?page_id=1231#breadcrumb\"},\"inLanguage\":\"es-CO\",\"potentialAction\":[{\"@type\":\"ReadAction\",\"target\":[\"https:\/\/serraniagua.org\/anterior\/?page_id=1231\"]}]},{\"@type\":\"BreadcrumbList\",\"@id\":\"https:\/\/serraniagua.org\/anterior\/?page_id=1231#breadcrumb\",\"itemListElement\":[{\"@type\":\"ListItem\",\"position\":1,\"name\":\"Inicio\",\"item\":\"https:\/\/serraniagua.org\/anterior\/\"},{\"@type\":\"ListItem\",\"position\":2,\"name\":\"CEPF &#8211; Andes Tropicales\"}]},{\"@type\":\"WebSite\",\"@id\":\"https:\/\/serraniagua.org\/anterior\/#website\",\"url\":\"https:\/\/serraniagua.org\/anterior\/\",\"name\":\"Serraniagua\",\"description\":\"Organizaci\u00f3n Ambiental Comunitaria\",\"publisher\":{\"@id\":\"https:\/\/serraniagua.org\/anterior\/#organization\"},\"potentialAction\":[{\"@type\":\"SearchAction\",\"target\":{\"@type\":\"EntryPoint\",\"urlTemplate\":\"https:\/\/serraniagua.org\/anterior\/?s={search_term_string}\"},\"query-input\":\"required name=search_term_string\"}],\"inLanguage\":\"es-CO\"},{\"@type\":\"Organization\",\"@id\":\"https:\/\/serraniagua.org\/anterior\/#organization\",\"name\":\"Serraniagua\",\"url\":\"https:\/\/serraniagua.org\/anterior\/\",\"logo\":{\"@type\":\"ImageObject\",\"inLanguage\":\"es-CO\",\"@id\":\"https:\/\/serraniagua.org\/anterior\/#\/schema\/logo\/image\/\",\"url\":\"https:\/\/serraniagua.org\/anterior\/wp-content\/uploads\/2021\/02\/logo_footer_color.png\",\"contentUrl\":\"https:\/\/serraniagua.org\/anterior\/wp-content\/uploads\/2021\/02\/logo_footer_color.png\",\"width\":224,\"height\":86,\"caption\":\"Serraniagua\"},\"image\":{\"@id\":\"https:\/\/serraniagua.org\/anterior\/#\/schema\/logo\/image\/\"},\"sameAs\":[\"https:\/\/www.facebook.com\/Serraniagua\",\"https:\/\/twitter.com\/Serraniagua\",\"https:\/\/www.instagram.com\/serraniagua_org\/\"]}]}<\/script>\n<!-- \/ Yoast SEO plugin. -->","yoast_head_json":{"title":"CEPF - Andes Tropicales - Serraniagua","robots":{"index":"noindex","follow":"follow","max-snippet":"max-snippet:-1","max-image-preview":"max-image-preview:large","max-video-preview":"max-video-preview:-1"},"og_locale":"es_ES","og_type":"article","og_title":"CEPF - Andes Tropicales - Serraniagua","og_description":"CEPF &#8211; Andes Tropicales El Fondo de Alianzas para los Ecosistemas Cr\u00edticos (Critical Ecosystem Partnership Fund \u2013 CEPF en ingl\u00e9s) es una iniciativa conjunta de la Agencia Francesa para el","og_url":"https:\/\/serraniagua.org\/anterior\/?page_id=1231","og_site_name":"Serraniagua","article_publisher":"https:\/\/www.facebook.com\/Serraniagua","article_modified_time":"2021-02-23T22:02:20+00:00","og_image":[{"url":"https:\/\/serraniagua.org\/anterior\/wp-content\/uploads\/2020\/10\/critical_ecosystem_partnership_fund.jpg"}],"twitter_card":"summary_large_image","twitter_site":"@Serraniagua","twitter_misc":{"Tiempo estimado de lectura":"1 minuto"},"schema":{"@context":"https:\/\/schema.org","@graph":[{"@type":"WebPage","@id":"https:\/\/serraniagua.org\/anterior\/?page_id=1231","url":"https:\/\/serraniagua.org\/anterior\/?page_id=1231","name":"CEPF - Andes Tropicales - Serraniagua","isPartOf":{"@id":"https:\/\/serraniagua.org\/anterior\/#website"},"datePublished":"2020-10-30T17:32:02+00:00","dateModified":"2021-02-23T22:02:20+00:00","breadcrumb":{"@id":"https:\/\/serraniagua.org\/anterior\/?page_id=1231#breadcrumb"},"inLanguage":"es-CO","potentialAction":[{"@type":"ReadAction","target":["https:\/\/serraniagua.org\/anterior\/?page_id=1231"]}]},{"@type":"BreadcrumbList","@id":"https:\/\/serraniagua.org\/anterior\/?page_id=1231#breadcrumb","itemListElement":[{"@type":"ListItem","position":1,"name":"Inicio","item":"https:\/\/serraniagua.org\/anterior\/"},{"@type":"ListItem","position":2,"name":"CEPF &#8211; Andes Tropicales"}]},{"@type":"WebSite","@id":"https:\/\/serraniagua.org\/anterior\/#website","url":"https:\/\/serraniagua.org\/anterior\/","name":"Serraniagua","description":"Organizaci\u00f3n Ambiental Comunitaria","publisher":{"@id":"https:\/\/serraniagua.org\/anterior\/#organization"},"potentialAction":[{"@type":"SearchAction","target":{"@type":"EntryPoint","urlTemplate":"https:\/\/serraniagua.org\/anterior\/?s={search_term_string}"},"query-input":"required name=search_term_string"}],"inLanguage":"es-CO"},{"@type":"Organization","@id":"https:\/\/serraniagua.org\/anterior\/#organization","name":"Serraniagua","url":"https:\/\/serraniagua.org\/anterior\/","logo":{"@type":"ImageObject","inLanguage":"es-CO","@id":"https:\/\/serraniagua.org\/anterior\/#\/schema\/logo\/image\/","url":"https:\/\/serraniagua.org\/anterior\/wp-content\/uploads\/2021\/02\/logo_footer_color.png","contentUrl":"https:\/\/serraniagua.org\/anterior\/wp-content\/uploads\/2021\/02\/logo_footer_color.png","width":224,"height":86,"caption":"Serraniagua"},"image":{"@id":"https:\/\/serraniagua.org\/anterior\/#\/schema\/logo\/image\/"},"sameAs":["https:\/\/www.facebook.com\/Serraniagua","https:\/\/twitter.com\/Serraniagua","https:\/\/www.instagram.com\/serraniagua_org\/"]}]}},"_links":{"self":[{"href":"https:\/\/serraniagua.org\/anterior\/index.php?rest_route=\/wp\/v2\/pages\/1231"}],"collection":[{"href":"https:\/\/serraniagua.org\/anterior\/index.php?rest_route=\/wp\/v2\/pages"}],"about":[{"href":"https:\/\/serraniagua.org\/anterior\/index.php?rest_route=\/wp\/v2\/types\/page"}],"author":[{"embeddable":true,"href":"https:\/\/serraniagua.org\/anterior\/index.php?rest_route=\/wp\/v2\/users\/1"}],"replies":[{"embeddable":true,"href":"https:\/\/serraniagua.org\/anterior\/index.php?rest_route=%2Fwp%2Fv2%2Fcomments&post=1231"}],"version-history":[{"count":4,"href":"https:\/\/serraniagua.org\/anterior\/index.php?rest_route=\/wp\/v2\/pages\/1231\/revisions"}],"predecessor-version":[{"id":1234,"href":"https:\/\/serraniagua.org\/anterior\/index.php?rest_route=\/wp\/v2\/pages\/1231\/revisions\/1234"}],"wp:attachment":[{"href":"https:\/\/serraniagua.org\/anterior\/index.php?rest_route=%2Fwp%2Fv2%2Fmedia&parent=1231"}],"curies":[{"name":"wp","href":"https:\/\/api.w.org\/{rel}","templated":true}]}}