{"id":1224,"date":"2020-10-30T17:22:24","date_gmt":"2020-10-30T17:22:24","guid":{"rendered":"https:\/\/serraniagua.org\/anterior\/?page_id=1224"},"modified":"2021-02-23T17:11:42","modified_gmt":"2021-02-23T22:11:42","slug":"tierra-del-futuro","status":"publish","type":"page","link":"https:\/\/serraniagua.org\/anterior\/?page_id=1224","title":{"rendered":"Framtidsjorden"},"content":{"rendered":"<section class=\"kc-elm kc-css-642899 kc_row\"><div class=\"kc-row-container  kc-container\"><div class=\"kc-wrap-columns\"><div class=\"kc-elm kc-css-243956 kc_col-sm-12 kc_column kc_col-sm-12\"><div class=\"kc-col-container\"><div class=\"kc-elm kc-css-857320 kc_text_block\"><h1 style=\"color: #5c9c3f;\">Tierra del futuro<\/h1>\n<\/div><div class=\"kc-elm kc-css-740843 kc_shortcode kc_single_image\">\n\n        <a rel=\"prettyPhoto\" class=\"kc-pretty-photo\" href=\"https:\/\/serraniagua.org\/anterior\/wp-content\/uploads\/2020\/10\/framtidsjorden.jpg\" title=\"\" target=\"\">\n        <img src=\"https:\/\/serraniagua.org\/anterior\/wp-content\/uploads\/2020\/10\/framtidsjorden.jpg\" class=\"\" alt=\"\" \/>    <\/a>\n    <\/div>\n<div class=\"kc-elm kc-css-188652\" style=\"height: 40px; clear: both; width:100%;\"><\/div><div class=\"kc-elm kc-css-648063 kc_text_block\"><p>Red Tierra del Futuro Latinoam\u00e9rica, es una alianza internacional de organizaciones que trabajan en \u00e1reas de adaptaci\u00f3n al cambio clim\u00e1tico y equidad social. Es promovida por Framtidsjorden, entidad con base en Suecia y redes tambi\u00e9n en Asia.<\/p>\n<\/div><div class=\"kc-elm kc-css-906453\" style=\"height: 10px; clear: both; width:100%;\"><\/div><div class=\"kc-elm kc-css-764205 kc_text_block\"><p>La Red Tierra del Futuro Latinoam\u00e9rica, es una alianza internacional de organizaciones que trabajan en \u00e1reas de adaptaci\u00f3n al cambio clim\u00e1tico y equidad social. Es promovida por Framtidsjorden, entidad con base en Suecia y redes tambi\u00e9n en Asia. Dichas organizaciones lideran proyectos piloto en sus comunidades, gestionando proyectos educativos y conservando una comunicaci\u00f3n permanente a trav\u00e9s de herramientas tecnol\u00f3gicas, foros internacionales, visitas y contactos individuales que La Red Tierra del Futuro promueve; fortaleciendo as\u00ed el trabajo de cooperaci\u00f3n continuo. Intercambiando tambi\u00e9n conocimiento al interior y al exterior de la red, dado que su objetivo es estimular la generaci\u00f3n de este a largo plazo. As\u00ed mismo, se trabaja de manera cercana con la academia, involucrando programas educativos vinculados a escuelas y universidades.<\/p>\n<\/div><div class=\"kc-elm kc-css-280469\" style=\"height: 10px; clear: both; width:100%;\"><\/div><div class=\"kc-elm kc-css-164607 kc_text_block\"><p>Por otra parte, las organizaciones asociadas se ubican en Am\u00e9rica Latina en los siguientes pa\u00edses: Argentina, Brasil, Bolivia, Chile, Colombia, Ecuador, Guatemala, Paraguay, Per\u00fa y Uruguay.<\/p>\n<\/div><div class=\"kc-elm kc-css-752639\" style=\"height: 20px; clear: both; width:100%;\"><\/div><div class=\"kc-elm kc-css-474053 kc_text_block\"><blockquote>\n<p><span style=\"color: #5c9c3f;\">En alianza con Framtidsjorden, Serraniagua trabaja de acciones colectivas que pretenden consolidar estrategias de gobernanza territorial con equidad de g\u00e9nero para la serran\u00eda de los paraguas.<\/span><\/p>\n<\/blockquote>\n<\/div><div class=\"kc-elm kc-css-382913\" style=\"height: 10px; clear: both; width:100%;\"><\/div><div class=\"kc-elm kc-css-375083 kc_text_block\"><p>Sitio web:\u00a0<a href=\"https:\/\/www.tdfamericalatina.com\/\">https:\/\/www.tdfamericalatina.com\/<\/a><\/p>\n<\/div><\/div><\/div><\/div><\/div><\/section>\n","protected":false},"excerpt":{"rendered":"","protected":false},"author":1,"featured_media":0,"parent":0,"menu_order":0,"comment_status":"closed","ping_status":"closed","template":"","meta":[],"yoast_head":"<!-- This site is optimized with the Yoast SEO plugin v20.6 - https:\/\/yoast.com\/wordpress\/plugins\/seo\/ -->\n<title>Framtidsjorden - Serraniagua<\/title>\n<meta name=\"robots\" content=\"noindex, follow, max-snippet:-1, max-image-preview:large, max-video-preview:-1\" \/>\n<meta property=\"og:locale\" content=\"es_ES\" \/>\n<meta property=\"og:type\" content=\"article\" \/>\n<meta property=\"og:title\" content=\"Framtidsjorden - Serraniagua\" \/>\n<meta property=\"og:description\" content=\"Tierra del futuro Red Tierra del Futuro Latinoam\u00e9rica, es una alianza internacional de organizaciones que trabajan en \u00e1reas de adaptaci\u00f3n al cambio clim\u00e1tico y equidad social. Es promovida por Framtidsjorden,\" \/>\n<meta property=\"og:url\" content=\"https:\/\/serraniagua.org\/anterior\/?page_id=1224\" \/>\n<meta property=\"og:site_name\" content=\"Serraniagua\" \/>\n<meta property=\"article:publisher\" content=\"https:\/\/www.facebook.com\/Serraniagua\" \/>\n<meta property=\"article:modified_time\" content=\"2021-02-23T22:11:42+00:00\" \/>\n<meta property=\"og:image\" content=\"https:\/\/serraniagua.org\/anterior\/wp-content\/uploads\/2020\/10\/framtidsjorden.jpg\" \/>\n<meta name=\"twitter:card\" content=\"summary_large_image\" \/>\n<meta name=\"twitter:site\" content=\"@Serraniagua\" \/>\n<meta name=\"twitter:label1\" content=\"Tiempo estimado de lectura\" \/>\n\t<meta name=\"twitter:data1\" content=\"1 minuto\" \/>\n<script type=\"application\/ld+json\" class=\"yoast-schema-graph\">{\"@context\":\"https:\/\/schema.org\",\"@graph\":[{\"@type\":\"WebPage\",\"@id\":\"https:\/\/serraniagua.org\/anterior\/?page_id=1224\",\"url\":\"https:\/\/serraniagua.org\/anterior\/?page_id=1224\",\"name\":\"Framtidsjorden - Serraniagua\",\"isPartOf\":{\"@id\":\"https:\/\/serraniagua.org\/anterior\/#website\"},\"datePublished\":\"2020-10-30T17:22:24+00:00\",\"dateModified\":\"2021-02-23T22:11:42+00:00\",\"breadcrumb\":{\"@id\":\"https:\/\/serraniagua.org\/anterior\/?page_id=1224#breadcrumb\"},\"inLanguage\":\"es-CO\",\"potentialAction\":[{\"@type\":\"ReadAction\",\"target\":[\"https:\/\/serraniagua.org\/anterior\/?page_id=1224\"]}]},{\"@type\":\"BreadcrumbList\",\"@id\":\"https:\/\/serraniagua.org\/anterior\/?page_id=1224#breadcrumb\",\"itemListElement\":[{\"@type\":\"ListItem\",\"position\":1,\"name\":\"Inicio\",\"item\":\"https:\/\/serraniagua.org\/anterior\/\"},{\"@type\":\"ListItem\",\"position\":2,\"name\":\"Framtidsjorden\"}]},{\"@type\":\"WebSite\",\"@id\":\"https:\/\/serraniagua.org\/anterior\/#website\",\"url\":\"https:\/\/serraniagua.org\/anterior\/\",\"name\":\"Serraniagua\",\"description\":\"Organizaci\u00f3n Ambiental Comunitaria\",\"publisher\":{\"@id\":\"https:\/\/serraniagua.org\/anterior\/#organization\"},\"potentialAction\":[{\"@type\":\"SearchAction\",\"target\":{\"@type\":\"EntryPoint\",\"urlTemplate\":\"https:\/\/serraniagua.org\/anterior\/?s={search_term_string}\"},\"query-input\":\"required name=search_term_string\"}],\"inLanguage\":\"es-CO\"},{\"@type\":\"Organization\",\"@id\":\"https:\/\/serraniagua.org\/anterior\/#organization\",\"name\":\"Serraniagua\",\"url\":\"https:\/\/serraniagua.org\/anterior\/\",\"logo\":{\"@type\":\"ImageObject\",\"inLanguage\":\"es-CO\",\"@id\":\"https:\/\/serraniagua.org\/anterior\/#\/schema\/logo\/image\/\",\"url\":\"https:\/\/serraniagua.org\/anterior\/wp-content\/uploads\/2021\/02\/logo_footer_color.png\",\"contentUrl\":\"https:\/\/serraniagua.org\/anterior\/wp-content\/uploads\/2021\/02\/logo_footer_color.png\",\"width\":224,\"height\":86,\"caption\":\"Serraniagua\"},\"image\":{\"@id\":\"https:\/\/serraniagua.org\/anterior\/#\/schema\/logo\/image\/\"},\"sameAs\":[\"https:\/\/www.facebook.com\/Serraniagua\",\"https:\/\/twitter.com\/Serraniagua\",\"https:\/\/www.instagram.com\/serraniagua_org\/\"]}]}<\/script>\n<!-- \/ Yoast SEO plugin. -->","yoast_head_json":{"title":"Framtidsjorden - Serraniagua","robots":{"index":"noindex","follow":"follow","max-snippet":"max-snippet:-1","max-image-preview":"max-image-preview:large","max-video-preview":"max-video-preview:-1"},"og_locale":"es_ES","og_type":"article","og_title":"Framtidsjorden - Serraniagua","og_description":"Tierra del futuro Red Tierra del Futuro Latinoam\u00e9rica, es una alianza internacional de organizaciones que trabajan en \u00e1reas de adaptaci\u00f3n al cambio clim\u00e1tico y equidad social. Es promovida por Framtidsjorden,","og_url":"https:\/\/serraniagua.org\/anterior\/?page_id=1224","og_site_name":"Serraniagua","article_publisher":"https:\/\/www.facebook.com\/Serraniagua","article_modified_time":"2021-02-23T22:11:42+00:00","og_image":[{"url":"https:\/\/serraniagua.org\/anterior\/wp-content\/uploads\/2020\/10\/framtidsjorden.jpg"}],"twitter_card":"summary_large_image","twitter_site":"@Serraniagua","twitter_misc":{"Tiempo estimado de lectura":"1 minuto"},"schema":{"@context":"https:\/\/schema.org","@graph":[{"@type":"WebPage","@id":"https:\/\/serraniagua.org\/anterior\/?page_id=1224","url":"https:\/\/serraniagua.org\/anterior\/?page_id=1224","name":"Framtidsjorden - Serraniagua","isPartOf":{"@id":"https:\/\/serraniagua.org\/anterior\/#website"},"datePublished":"2020-10-30T17:22:24+00:00","dateModified":"2021-02-23T22:11:42+00:00","breadcrumb":{"@id":"https:\/\/serraniagua.org\/anterior\/?page_id=1224#breadcrumb"},"inLanguage":"es-CO","potentialAction":[{"@type":"ReadAction","target":["https:\/\/serraniagua.org\/anterior\/?page_id=1224"]}]},{"@type":"BreadcrumbList","@id":"https:\/\/serraniagua.org\/anterior\/?page_id=1224#breadcrumb","itemListElement":[{"@type":"ListItem","position":1,"name":"Inicio","item":"https:\/\/serraniagua.org\/anterior\/"},{"@type":"ListItem","position":2,"name":"Framtidsjorden"}]},{"@type":"WebSite","@id":"https:\/\/serraniagua.org\/anterior\/#website","url":"https:\/\/serraniagua.org\/anterior\/","name":"Serraniagua","description":"Organizaci\u00f3n Ambiental Comunitaria","publisher":{"@id":"https:\/\/serraniagua.org\/anterior\/#organization"},"potentialAction":[{"@type":"SearchAction","target":{"@type":"EntryPoint","urlTemplate":"https:\/\/serraniagua.org\/anterior\/?s={search_term_string}"},"query-input":"required name=search_term_string"}],"inLanguage":"es-CO"},{"@type":"Organization","@id":"https:\/\/serraniagua.org\/anterior\/#organization","name":"Serraniagua","url":"https:\/\/serraniagua.org\/anterior\/","logo":{"@type":"ImageObject","inLanguage":"es-CO","@id":"https:\/\/serraniagua.org\/anterior\/#\/schema\/logo\/image\/","url":"https:\/\/serraniagua.org\/anterior\/wp-content\/uploads\/2021\/02\/logo_footer_color.png","contentUrl":"https:\/\/serraniagua.org\/anterior\/wp-content\/uploads\/2021\/02\/logo_footer_color.png","width":224,"height":86,"caption":"Serraniagua"},"image":{"@id":"https:\/\/serraniagua.org\/anterior\/#\/schema\/logo\/image\/"},"sameAs":["https:\/\/www.facebook.com\/Serraniagua","https:\/\/twitter.com\/Serraniagua","https:\/\/www.instagram.com\/serraniagua_org\/"]}]}},"_links":{"self":[{"href":"https:\/\/serraniagua.org\/anterior\/index.php?rest_route=\/wp\/v2\/pages\/1224"}],"collection":[{"href":"https:\/\/serraniagua.org\/anterior\/index.php?rest_route=\/wp\/v2\/pages"}],"about":[{"href":"https:\/\/serraniagua.org\/anterior\/index.php?rest_route=\/wp\/v2\/types\/page"}],"author":[{"embeddable":true,"href":"https:\/\/serraniagua.org\/anterior\/index.php?rest_route=\/wp\/v2\/users\/1"}],"replies":[{"embeddable":true,"href":"https:\/\/serraniagua.org\/anterior\/index.php?rest_route=%2Fwp%2Fv2%2Fcomments&post=1224"}],"version-history":[{"count":10,"href":"https:\/\/serraniagua.org\/anterior\/index.php?rest_route=\/wp\/v2\/pages\/1224\/revisions"}],"predecessor-version":[{"id":1228,"href":"https:\/\/serraniagua.org\/anterior\/index.php?rest_route=\/wp\/v2\/pages\/1224\/revisions\/1228"}],"wp:attachment":[{"href":"https:\/\/serraniagua.org\/anterior\/index.php?rest_route=%2Fwp%2Fv2%2Fmedia&parent=1224"}],"curies":[{"name":"wp","href":"https:\/\/api.w.org\/{rel}","templated":true}]}}